{"id":66,"date":"2025-01-10T13:21:05","date_gmt":"2025-01-10T12:21:05","guid":{"rendered":"https:\/\/www.adiestradoracaninapontevedra.com\/?page_id=66"},"modified":"2025-06-04T22:58:40","modified_gmt":"2025-06-04T20:58:40","slug":"sobre-nosotros","status":"publish","type":"page","link":"https:\/\/www.adiestradoracaninapontevedra.com\/en\/sobre-nosotros\/","title":{"rendered":"About Us"},"content":{"rendered":"<div data-elementor-type=\"wp-page\" data-elementor-id=\"66\" class=\"elementor elementor-66\" data-elementor-post-type=\"page\">\n\t\t\t\t<div class=\"elementor-element elementor-element-5a90e0b e-flex e-con-boxed e-con e-parent\" data-id=\"5a90e0b\" data-element_type=\"container\" data-settings=\"{&quot;background_background&quot;:&quot;classic&quot;}\">\n\t\t\t\t\t<div class=\"e-con-inner\">\n\t\t<div class=\"elementor-element elementor-element-ec73fbc e-flex e-con-boxed e-con e-child\" data-id=\"ec73fbc\" data-element_type=\"container\">\n\t\t\t\t\t<div class=\"e-con-inner\">\n\t\t<div class=\"elementor-element elementor-element-88b8a0f e-con-full e-flex e-con e-child\" data-id=\"88b8a0f\" data-element_type=\"container\">\n\t\t\t\t<div class=\"elementor-element elementor-element-1f4ceaf elementor-widget elementor-widget-theme-site-logo elementor-widget-image\" data-id=\"1f4ceaf\" data-element_type=\"widget\" data-widget_type=\"theme-site-logo.default\">\n\t\t\t\t<div class=\"elementor-widget-container\">\n\t\t\t\t\t\t\t\t\t\t\t<a href=\"https:\/\/www.adiestradoracaninapontevedra.com\/en\">\n\t\t\t<img fetchpriority=\"high\" decoding=\"async\" width=\"810\" height=\"784\" src=\"https:\/\/www.adiestradoracaninapontevedra.com\/wp-content\/uploads\/logo-adiestradora.jpg\" class=\"attachment-full size-full wp-image-17\" alt=\"\" srcset=\"https:\/\/www.adiestradoracaninapontevedra.com\/wp-content\/uploads\/logo-adiestradora.jpg 810w, https:\/\/www.adiestradoracaninapontevedra.com\/wp-content\/uploads\/logo-adiestradora-300x290.jpg 300w, https:\/\/www.adiestradoracaninapontevedra.com\/wp-content\/uploads\/logo-adiestradora-768x743.jpg 768w\" sizes=\"(max-width: 810px) 100vw, 810px\" \/>\t\t\t\t<\/a>\n\t\t\t\t\t\t\t\t\t\t\t<\/div>\n\t\t\t\t<\/div>\n\t\t\t\t<div class=\"elementor-element elementor-element-f70138c encabezado elementor-widget__width-initial elementor-widget elementor-widget-heading\" data-id=\"f70138c\" data-element_type=\"widget\" data-widget_type=\"heading.default\">\n\t\t\t\t<div class=\"elementor-widget-container\">\n\t\t\t\t\t<h1 class=\"elementor-heading-title elementor-size-default\">Dog Trainer in Pontevedra<\/h1>\t\t\t\t<\/div>\n\t\t\t\t<\/div>\n\t\t\t\t<\/div>\n\t\t\t\t\t<\/div>\n\t\t\t\t<\/div>\n\t\t\t\t\t<\/div>\n\t\t\t\t<\/div>\n\t\t<div class=\"elementor-element elementor-element-304c014 e-flex e-con-boxed e-con e-parent\" data-id=\"304c014\" data-element_type=\"container\">\n\t\t\t\t\t<div class=\"e-con-inner\">\n\t\t<div class=\"elementor-element elementor-element-9bdffdf e-con-full e-flex e-con e-child\" data-id=\"9bdffdf\" data-element_type=\"container\" data-settings=\"{&quot;background_background&quot;:&quot;classic&quot;}\">\n\t\t\t\t<div class=\"elementor-element elementor-element-c930149 elementor-widget elementor-widget-heading\" data-id=\"c930149\" data-element_type=\"widget\" data-widget_type=\"heading.default\">\n\t\t\t\t<div class=\"elementor-widget-container\">\n\t\t\t\t\t<h2 class=\"elementor-heading-title elementor-size-default\">Experience and Training in Dog Training<\/h2>\t\t\t\t<\/div>\n\t\t\t\t<\/div>\n\t\t\t\t<div class=\"elementor-element elementor-element-3988e9a elementor-widget elementor-widget-text-editor\" data-id=\"3988e9a\" data-element_type=\"widget\" data-widget_type=\"text-editor.default\">\n\t\t\t\t<div class=\"elementor-widget-container\">\n\t\t\t\t\t\t\t\t\t<div class=\"page\" title=\"Page 2\"><div class=\"section\"><div class=\"layoutArea\"><div class=\"column\"><p>My name is Amanda Metcalf Herreros and I have always had a deep passion for animals. To turn this vocation into my profession, I trained as a <strong>dog trainer specializing in behavior modification<\/strong>, accredited by the National Association of Professional Canine Trainers (ANACP). I'm also a veterinary nurse, which gives me a deeper understanding of canine well-being.\u00a0<\/p><p>In addition to this training in the canine field, I also have a degree in primary education. This also allows me to work with children and dogs, a good combination for dog training.\u00a0<\/p><\/div><\/div><\/div><\/div>\t\t\t\t\t\t\t\t<\/div>\n\t\t\t\t<\/div>\n\t\t\t\t<\/div>\n\t\t\t\t\t<\/div>\n\t\t\t\t<\/div>\n\t\t<div class=\"elementor-element elementor-element-6aa234b e-flex e-con-boxed e-con e-parent\" data-id=\"6aa234b\" data-element_type=\"container\">\n\t\t\t\t\t<div class=\"e-con-inner\">\n\t\t<div class=\"elementor-element elementor-element-da43e36 e-con-full e-flex e-con e-child\" data-id=\"da43e36\" data-element_type=\"container\">\n\t\t\t\t<div class=\"elementor-element elementor-element-169fbd7 elementor-widget elementor-widget-heading\" data-id=\"169fbd7\" data-element_type=\"widget\" data-widget_type=\"heading.default\">\n\t\t\t\t<div class=\"elementor-widget-container\">\n\t\t\t\t\t<h3 class=\"elementor-heading-title elementor-size-default\">SAMBA, my partner<\/h3>\t\t\t\t<\/div>\n\t\t\t\t<\/div>\n\t\t\t\t<div class=\"elementor-element elementor-element-0e14fd6 elementor-widget elementor-widget-text-editor\" data-id=\"0e14fd6\" data-element_type=\"widget\" data-widget_type=\"text-editor.default\">\n\t\t\t\t<div class=\"elementor-widget-container\">\n\t\t\t\t\t\t\t\t\t<p>She assists me in the <strong>behavior modification<\/strong> that require interaction with other dogs. Together we work to improve the relationship between dogs and their families.<\/p>\t\t\t\t\t\t\t\t<\/div>\n\t\t\t\t<\/div>\n\t\t\t\t<div class=\"elementor-element elementor-element-ab8d3cb elementor-hidden-widescreen elementor-hidden-desktop elementor-hidden-laptop elementor-hidden-tablet_extra elementor-hidden-tablet elementor-hidden-mobile_extra elementor-widget elementor-widget-image\" data-id=\"ab8d3cb\" data-element_type=\"widget\" data-widget_type=\"image.default\">\n\t\t\t\t<div class=\"elementor-widget-container\">\n\t\t\t\t\t\t\t\t\t\t\t\t\t\t\t<img decoding=\"async\" width=\"444\" height=\"456\" src=\"https:\/\/www.adiestradoracaninapontevedra.com\/wp-content\/uploads\/samba.jpg\" class=\"attachment-large size-large wp-image-71\" alt=\"\" srcset=\"https:\/\/www.adiestradoracaninapontevedra.com\/wp-content\/uploads\/samba.jpg 444w, https:\/\/www.adiestradoracaninapontevedra.com\/wp-content\/uploads\/samba-292x300.jpg 292w\" sizes=\"(max-width: 444px) 100vw, 444px\" \/>\t\t\t\t\t\t\t\t\t\t\t\t\t\t\t<\/div>\n\t\t\t\t<\/div>\n\t\t\t\t<\/div>\n\t\t<div class=\"elementor-element elementor-element-38b788d e-con-full e-flex e-con e-child\" data-id=\"38b788d\" data-element_type=\"container\">\n\t\t\t\t<div class=\"elementor-element elementor-element-2b13424 elementor-widget elementor-widget-heading\" data-id=\"2b13424\" data-element_type=\"widget\" data-widget_type=\"heading.default\">\n\t\t\t\t<div class=\"elementor-widget-container\">\n\t\t\t\t\t<h3 class=\"elementor-heading-title elementor-size-default\">Amanda, patient and dynamic<\/h3>\t\t\t\t<\/div>\n\t\t\t\t<\/div>\n\t\t\t\t<div class=\"elementor-element elementor-element-4d3bf4f elementor-widget elementor-widget-text-editor\" data-id=\"4d3bf4f\" data-element_type=\"widget\" data-widget_type=\"text-editor.default\">\n\t\t\t\t<div class=\"elementor-widget-container\">\n\t\t\t\t\t\t\t\t\t<p>Among other essential qualities to successfully address each case, my approach is based on the <strong>adaptation to each dog<\/strong> and his family, using positive reinforcement techniques.<\/p>\t\t\t\t\t\t\t\t<\/div>\n\t\t\t\t<\/div>\n\t\t\t\t<div class=\"elementor-element elementor-element-1814c34 elementor-hidden-widescreen elementor-hidden-desktop elementor-hidden-laptop elementor-hidden-tablet_extra elementor-hidden-tablet elementor-hidden-mobile_extra elementor-widget elementor-widget-image\" data-id=\"1814c34\" data-element_type=\"widget\" data-widget_type=\"image.default\">\n\t\t\t\t<div class=\"elementor-widget-container\">\n\t\t\t\t\t\t\t\t\t\t\t\t\t\t\t<img decoding=\"async\" width=\"444\" height=\"456\" src=\"https:\/\/www.adiestradoracaninapontevedra.com\/wp-content\/uploads\/amanda-samba-2.jpg\" class=\"attachment-large size-large wp-image-72\" alt=\"\" srcset=\"https:\/\/www.adiestradoracaninapontevedra.com\/wp-content\/uploads\/amanda-samba-2.jpg 444w, https:\/\/www.adiestradoracaninapontevedra.com\/wp-content\/uploads\/amanda-samba-2-292x300.jpg 292w\" sizes=\"(max-width: 444px) 100vw, 444px\" \/>\t\t\t\t\t\t\t\t\t\t\t\t\t\t\t<\/div>\n\t\t\t\t<\/div>\n\t\t\t\t<\/div>\n\t\t\t\t\t<\/div>\n\t\t\t\t<\/div>\n\t\t<div class=\"elementor-element elementor-element-d6ae897 elementor-hidden-mobile e-flex e-con-boxed e-con e-parent\" data-id=\"d6ae897\" data-element_type=\"container\">\n\t\t\t\t\t<div class=\"e-con-inner\">\n\t\t<div class=\"elementor-element elementor-element-639b8a4 e-con-full e-flex e-con e-child\" data-id=\"639b8a4\" data-element_type=\"container\">\n\t\t\t\t<div class=\"elementor-element elementor-element-fe11dbf elementor-widget elementor-widget-image\" data-id=\"fe11dbf\" data-element_type=\"widget\" data-widget_type=\"image.default\">\n\t\t\t\t<div class=\"elementor-widget-container\">\n\t\t\t\t\t\t\t\t\t\t\t\t\t\t\t<img decoding=\"async\" width=\"444\" height=\"456\" src=\"https:\/\/www.adiestradoracaninapontevedra.com\/wp-content\/uploads\/samba.jpg\" class=\"attachment-large size-large wp-image-71\" alt=\"\" srcset=\"https:\/\/www.adiestradoracaninapontevedra.com\/wp-content\/uploads\/samba.jpg 444w, https:\/\/www.adiestradoracaninapontevedra.com\/wp-content\/uploads\/samba-292x300.jpg 292w\" sizes=\"(max-width: 444px) 100vw, 444px\" \/>\t\t\t\t\t\t\t\t\t\t\t\t\t\t\t<\/div>\n\t\t\t\t<\/div>\n\t\t\t\t<\/div>\n\t\t<div class=\"elementor-element elementor-element-6d4ab45 e-con-full e-flex e-con e-child\" data-id=\"6d4ab45\" data-element_type=\"container\">\n\t\t\t\t<div class=\"elementor-element elementor-element-1578625 elementor-widget elementor-widget-image\" data-id=\"1578625\" data-element_type=\"widget\" data-widget_type=\"image.default\">\n\t\t\t\t<div class=\"elementor-widget-container\">\n\t\t\t\t\t\t\t\t\t\t\t\t\t\t\t<img decoding=\"async\" width=\"444\" height=\"456\" src=\"https:\/\/www.adiestradoracaninapontevedra.com\/wp-content\/uploads\/amanda-samba-2.jpg\" class=\"attachment-large size-large wp-image-72\" alt=\"\" srcset=\"https:\/\/www.adiestradoracaninapontevedra.com\/wp-content\/uploads\/amanda-samba-2.jpg 444w, https:\/\/www.adiestradoracaninapontevedra.com\/wp-content\/uploads\/amanda-samba-2-292x300.jpg 292w\" sizes=\"(max-width: 444px) 100vw, 444px\" \/>\t\t\t\t\t\t\t\t\t\t\t\t\t\t\t<\/div>\n\t\t\t\t<\/div>\n\t\t\t\t<\/div>\n\t\t\t\t\t<\/div>\n\t\t\t\t<\/div>\n\t\t<div class=\"elementor-element elementor-element-6a3ba56 e-flex e-con-boxed e-con e-parent\" data-id=\"6a3ba56\" data-element_type=\"container\">\n\t\t\t\t\t<div class=\"e-con-inner\">\n\t\t\t\t<div class=\"elementor-element elementor-element-f4fb2a5 elementor-widget elementor-widget-heading\" data-id=\"f4fb2a5\" data-element_type=\"widget\" data-widget_type=\"heading.default\">\n\t\t\t\t<div class=\"elementor-widget-container\">\n\t\t\t\t\t<h4 class=\"elementor-heading-title elementor-size-default\">Looking to improve your relationship with your dog? Discover our dog training services and get started today.<\/h4>\t\t\t\t<\/div>\n\t\t\t\t<\/div>\n\t\t\t\t<div class=\"elementor-element elementor-element-0cd5480 elementor-align-center elementor-widget__width-initial elementor-widget elementor-widget-button\" data-id=\"0cd5480\" data-element_type=\"widget\" data-widget_type=\"button.default\">\n\t\t\t\t<div class=\"elementor-widget-container\">\n\t\t\t\t\t\t\t\t\t<div class=\"elementor-button-wrapper\">\n\t\t\t\t\t<a class=\"elementor-button elementor-button-link elementor-size-sm\" href=\"https:\/\/www.adiestradoracaninapontevedra.com\/en\/servicios\/\">\n\t\t\t\t\t\t<span class=\"elementor-button-content-wrapper\">\n\t\t\t\t\t\t\t\t\t<span class=\"elementor-button-text\">OUR SERVICES<\/span>\n\t\t\t\t\t<\/span>\n\t\t\t\t\t<\/a>\n\t\t\t\t<\/div>\n\t\t\t\t\t\t\t\t<\/div>\n\t\t\t\t<\/div>\n\t\t\t\t\t<\/div>\n\t\t\t\t<\/div>\n\t\t\t\t<\/div>","protected":false},"excerpt":{"rendered":"<p>Adiestradora Canina en Pontevedra Experiencia y Formaci\u00f3n en Adiestramiento Canino Mi nombre es Amanda Metcalf Herreros y desde siempre he sentido una profunda pasi\u00f3n por los animales. Para convertir esta vocaci\u00f3n en mi profesi\u00f3n, me form\u00e9 como adiestradora canina especializada en modificaci\u00f3n de conducta, acreditada por la Asociaci\u00f3n Nacional de Adiestradores Caninos Profesionales (ANACP). Adem\u00e1s, [&hellip;]<\/p>","protected":false},"author":1,"featured_media":0,"parent":0,"menu_order":0,"comment_status":"closed","ping_status":"closed","template":"","meta":{"_monsterinsights_skip_tracking":false,"_monsterinsights_sitenote_active":false,"_monsterinsights_sitenote_note":"","_monsterinsights_sitenote_category":0,"footnotes":""},"class_list":["post-66","page","type-page","status-publish","hentry"],"yoast_head":"<!-- This site is optimized with the Yoast SEO plugin v24.5 - https:\/\/yoast.com\/wordpress\/plugins\/seo\/ -->\n<title>Sobre nosotros - Adiestradora canina Pontevedra<\/title>\n<meta name=\"description\" content=\"Amanda Metcalf Herreros, adiestradora canina especializada en modificaci\u00f3n de conducta. Servicios de adiestramiento canino en Pontevedra.\" \/>\n<meta name=\"robots\" content=\"index, follow, max-snippet:-1, max-image-preview:large, max-video-preview:-1\" \/>\n<link rel=\"canonical\" href=\"https:\/\/www.adiestradoracaninapontevedra.com\/en\/sobre-nosotros\/\" \/>\n<meta property=\"og:locale\" content=\"en_GB\" \/>\n<meta property=\"og:type\" content=\"article\" \/>\n<meta property=\"og:title\" content=\"Sobre nosotros - Adiestradora canina Pontevedra\" \/>\n<meta property=\"og:description\" content=\"Amanda Metcalf Herreros, adiestradora canina especializada en modificaci\u00f3n de conducta. Servicios de adiestramiento canino en Pontevedra.\" \/>\n<meta property=\"og:url\" content=\"https:\/\/www.adiestradoracaninapontevedra.com\/en\/sobre-nosotros\/\" \/>\n<meta property=\"og:site_name\" content=\"Adiestradora canina Pontevedra\" \/>\n<meta property=\"article:modified_time\" content=\"2025-06-04T20:58:40+00:00\" \/>\n<meta property=\"og:image\" content=\"https:\/\/www.adiestradoracaninapontevedra.com\/wp-content\/uploads\/samba.jpg\" \/>\n\t<meta property=\"og:image:width\" content=\"444\" \/>\n\t<meta property=\"og:image:height\" content=\"456\" \/>\n\t<meta property=\"og:image:type\" content=\"image\/jpeg\" \/>\n<meta name=\"twitter:card\" content=\"summary_large_image\" \/>\n<meta name=\"twitter:label1\" content=\"Estimated reading time\" \/>\n\t<meta name=\"twitter:data1\" content=\"2 minutes\" \/>\n<script type=\"application\/ld+json\" class=\"yoast-schema-graph\">{\"@context\":\"https:\/\/schema.org\",\"@graph\":[{\"@type\":\"WebPage\",\"@id\":\"https:\/\/www.adiestradoracaninapontevedra.com\/sobre-nosotros\/\",\"url\":\"https:\/\/www.adiestradoracaninapontevedra.com\/sobre-nosotros\/\",\"name\":\"Sobre nosotros - Adiestradora canina Pontevedra\",\"isPartOf\":{\"@id\":\"https:\/\/www.adiestradoracaninapontevedra.com\/#website\"},\"primaryImageOfPage\":{\"@id\":\"https:\/\/www.adiestradoracaninapontevedra.com\/sobre-nosotros\/#primaryimage\"},\"image\":{\"@id\":\"https:\/\/www.adiestradoracaninapontevedra.com\/sobre-nosotros\/#primaryimage\"},\"thumbnailUrl\":\"https:\/\/www.adiestradoracaninapontevedra.com\/wp-content\/uploads\/samba.jpg\",\"datePublished\":\"2025-01-10T12:21:05+00:00\",\"dateModified\":\"2025-06-04T20:58:40+00:00\",\"description\":\"Amanda Metcalf Herreros, adiestradora canina especializada en modificaci\u00f3n de conducta. Servicios de adiestramiento canino en Pontevedra.\",\"breadcrumb\":{\"@id\":\"https:\/\/www.adiestradoracaninapontevedra.com\/sobre-nosotros\/#breadcrumb\"},\"inLanguage\":\"en-GB\",\"potentialAction\":[{\"@type\":\"ReadAction\",\"target\":[\"https:\/\/www.adiestradoracaninapontevedra.com\/sobre-nosotros\/\"]}]},{\"@type\":\"ImageObject\",\"inLanguage\":\"en-GB\",\"@id\":\"https:\/\/www.adiestradoracaninapontevedra.com\/sobre-nosotros\/#primaryimage\",\"url\":\"https:\/\/www.adiestradoracaninapontevedra.com\/wp-content\/uploads\/samba.jpg\",\"contentUrl\":\"https:\/\/www.adiestradoracaninapontevedra.com\/wp-content\/uploads\/samba.jpg\"},{\"@type\":\"BreadcrumbList\",\"@id\":\"https:\/\/www.adiestradoracaninapontevedra.com\/sobre-nosotros\/#breadcrumb\",\"itemListElement\":[{\"@type\":\"ListItem\",\"position\":1,\"name\":\"Portada\",\"item\":\"https:\/\/www.adiestradoracaninapontevedra.com\/\"},{\"@type\":\"ListItem\",\"position\":2,\"name\":\"Sobre nosotros\"}]},{\"@type\":\"WebSite\",\"@id\":\"https:\/\/www.adiestradoracaninapontevedra.com\/#website\",\"url\":\"https:\/\/www.adiestradoracaninapontevedra.com\/\",\"name\":\"Adiestradora canina Pontevedra\",\"description\":\"\",\"publisher\":{\"@id\":\"https:\/\/www.adiestradoracaninapontevedra.com\/#organization\"},\"potentialAction\":[{\"@type\":\"SearchAction\",\"target\":{\"@type\":\"EntryPoint\",\"urlTemplate\":\"https:\/\/www.adiestradoracaninapontevedra.com\/?s={search_term_string}\"},\"query-input\":{\"@type\":\"PropertyValueSpecification\",\"valueRequired\":true,\"valueName\":\"search_term_string\"}}],\"inLanguage\":\"en-GB\"},{\"@type\":\"Organization\",\"@id\":\"https:\/\/www.adiestradoracaninapontevedra.com\/#organization\",\"name\":\"Adiestradora canina Pontevedra\",\"url\":\"https:\/\/www.adiestradoracaninapontevedra.com\/\",\"logo\":{\"@type\":\"ImageObject\",\"inLanguage\":\"en-GB\",\"@id\":\"https:\/\/www.adiestradoracaninapontevedra.com\/#\/schema\/logo\/image\/\",\"url\":\"https:\/\/www.adiestradoracaninapontevedra.com\/wp-content\/uploads\/logo-adiestradora.jpg\",\"contentUrl\":\"https:\/\/www.adiestradoracaninapontevedra.com\/wp-content\/uploads\/logo-adiestradora.jpg\",\"width\":810,\"height\":784,\"caption\":\"Adiestradora canina Pontevedra\"},\"image\":{\"@id\":\"https:\/\/www.adiestradoracaninapontevedra.com\/#\/schema\/logo\/image\/\"}}]}<\/script>\n<!-- \/ Yoast SEO plugin. -->","yoast_head_json":{"title":"Sobre nosotros - Adiestradora canina Pontevedra","description":"Amanda Metcalf Herreros, adiestradora canina especializada en modificaci\u00f3n de conducta. Servicios de adiestramiento canino en Pontevedra.","robots":{"index":"index","follow":"follow","max-snippet":"max-snippet:-1","max-image-preview":"max-image-preview:large","max-video-preview":"max-video-preview:-1"},"canonical":"https:\/\/www.adiestradoracaninapontevedra.com\/en\/sobre-nosotros\/","og_locale":"en_GB","og_type":"article","og_title":"Sobre nosotros - Adiestradora canina Pontevedra","og_description":"Amanda Metcalf Herreros, adiestradora canina especializada en modificaci\u00f3n de conducta. Servicios de adiestramiento canino en Pontevedra.","og_url":"https:\/\/www.adiestradoracaninapontevedra.com\/en\/sobre-nosotros\/","og_site_name":"Adiestradora canina Pontevedra","article_modified_time":"2025-06-04T20:58:40+00:00","og_image":[{"width":444,"height":456,"url":"https:\/\/www.adiestradoracaninapontevedra.com\/wp-content\/uploads\/samba.jpg","type":"image\/jpeg"}],"twitter_card":"summary_large_image","twitter_misc":{"Estimated reading time":"2 minutes"},"schema":{"@context":"https:\/\/schema.org","@graph":[{"@type":"WebPage","@id":"https:\/\/www.adiestradoracaninapontevedra.com\/sobre-nosotros\/","url":"https:\/\/www.adiestradoracaninapontevedra.com\/sobre-nosotros\/","name":"Sobre nosotros - Adiestradora canina Pontevedra","isPartOf":{"@id":"https:\/\/www.adiestradoracaninapontevedra.com\/#website"},"primaryImageOfPage":{"@id":"https:\/\/www.adiestradoracaninapontevedra.com\/sobre-nosotros\/#primaryimage"},"image":{"@id":"https:\/\/www.adiestradoracaninapontevedra.com\/sobre-nosotros\/#primaryimage"},"thumbnailUrl":"https:\/\/www.adiestradoracaninapontevedra.com\/wp-content\/uploads\/samba.jpg","datePublished":"2025-01-10T12:21:05+00:00","dateModified":"2025-06-04T20:58:40+00:00","description":"Amanda Metcalf Herreros, adiestradora canina especializada en modificaci\u00f3n de conducta. Servicios de adiestramiento canino en Pontevedra.","breadcrumb":{"@id":"https:\/\/www.adiestradoracaninapontevedra.com\/sobre-nosotros\/#breadcrumb"},"inLanguage":"en-GB","potentialAction":[{"@type":"ReadAction","target":["https:\/\/www.adiestradoracaninapontevedra.com\/sobre-nosotros\/"]}]},{"@type":"ImageObject","inLanguage":"en-GB","@id":"https:\/\/www.adiestradoracaninapontevedra.com\/sobre-nosotros\/#primaryimage","url":"https:\/\/www.adiestradoracaninapontevedra.com\/wp-content\/uploads\/samba.jpg","contentUrl":"https:\/\/www.adiestradoracaninapontevedra.com\/wp-content\/uploads\/samba.jpg"},{"@type":"BreadcrumbList","@id":"https:\/\/www.adiestradoracaninapontevedra.com\/sobre-nosotros\/#breadcrumb","itemListElement":[{"@type":"ListItem","position":1,"name":"Portada","item":"https:\/\/www.adiestradoracaninapontevedra.com\/"},{"@type":"ListItem","position":2,"name":"Sobre nosotros"}]},{"@type":"WebSite","@id":"https:\/\/www.adiestradoracaninapontevedra.com\/#website","url":"https:\/\/www.adiestradoracaninapontevedra.com\/","name":"Adiestradora canina Pontevedra","description":"","publisher":{"@id":"https:\/\/www.adiestradoracaninapontevedra.com\/#organization"},"potentialAction":[{"@type":"SearchAction","target":{"@type":"EntryPoint","urlTemplate":"https:\/\/www.adiestradoracaninapontevedra.com\/?s={search_term_string}"},"query-input":{"@type":"PropertyValueSpecification","valueRequired":true,"valueName":"search_term_string"}}],"inLanguage":"en-GB"},{"@type":"Organization","@id":"https:\/\/www.adiestradoracaninapontevedra.com\/#organization","name":"Adiestradora canina Pontevedra","url":"https:\/\/www.adiestradoracaninapontevedra.com\/","logo":{"@type":"ImageObject","inLanguage":"en-GB","@id":"https:\/\/www.adiestradoracaninapontevedra.com\/#\/schema\/logo\/image\/","url":"https:\/\/www.adiestradoracaninapontevedra.com\/wp-content\/uploads\/logo-adiestradora.jpg","contentUrl":"https:\/\/www.adiestradoracaninapontevedra.com\/wp-content\/uploads\/logo-adiestradora.jpg","width":810,"height":784,"caption":"Adiestradora canina Pontevedra"},"image":{"@id":"https:\/\/www.adiestradoracaninapontevedra.com\/#\/schema\/logo\/image\/"}}]}},"_links":{"self":[{"href":"https:\/\/www.adiestradoracaninapontevedra.com\/en\/wp-json\/wp\/v2\/pages\/66","targetHints":{"allow":["GET"]}}],"collection":[{"href":"https:\/\/www.adiestradoracaninapontevedra.com\/en\/wp-json\/wp\/v2\/pages"}],"about":[{"href":"https:\/\/www.adiestradoracaninapontevedra.com\/en\/wp-json\/wp\/v2\/types\/page"}],"author":[{"embeddable":true,"href":"https:\/\/www.adiestradoracaninapontevedra.com\/en\/wp-json\/wp\/v2\/users\/1"}],"replies":[{"embeddable":true,"href":"https:\/\/www.adiestradoracaninapontevedra.com\/en\/wp-json\/wp\/v2\/comments?post=66"}],"version-history":[{"count":41,"href":"https:\/\/www.adiestradoracaninapontevedra.com\/en\/wp-json\/wp\/v2\/pages\/66\/revisions"}],"predecessor-version":[{"id":666,"href":"https:\/\/www.adiestradoracaninapontevedra.com\/en\/wp-json\/wp\/v2\/pages\/66\/revisions\/666"}],"wp:attachment":[{"href":"https:\/\/www.adiestradoracaninapontevedra.com\/en\/wp-json\/wp\/v2\/media?parent=66"}],"curies":[{"name":"wp","href":"https:\/\/api.w.org\/{rel}","templated":true}]}}