{"id":176,"date":"2025-02-04T11:27:54","date_gmt":"2025-02-04T10:27:54","guid":{"rendered":"https:\/\/www.adiestradoracaninapontevedra.com\/?page_id=176"},"modified":"2025-06-04T23:05:07","modified_gmt":"2025-06-04T21:05:07","slug":"educacion-avanzada","status":"publish","type":"page","link":"https:\/\/www.adiestradoracaninapontevedra.com\/en\/educacion-avanzada\/","title":{"rendered":"Advanced education"},"content":{"rendered":"<div data-elementor-type=\"wp-page\" data-elementor-id=\"176\" class=\"elementor elementor-176\" data-elementor-post-type=\"page\">\n\t\t\t\t<div class=\"elementor-element elementor-element-5a90e0b e-flex e-con-boxed e-con e-parent\" data-id=\"5a90e0b\" data-element_type=\"container\" data-settings=\"{&quot;background_background&quot;:&quot;classic&quot;}\">\n\t\t\t\t\t<div class=\"e-con-inner\">\n\t\t<div class=\"elementor-element elementor-element-ec73fbc e-flex e-con-boxed e-con e-child\" data-id=\"ec73fbc\" data-element_type=\"container\">\n\t\t\t\t\t<div class=\"e-con-inner\">\n\t\t\t\t<div class=\"elementor-element elementor-element-7c26a06 elementor-widget__width-initial elementor-widget elementor-widget-theme-site-logo elementor-widget-image\" data-id=\"7c26a06\" data-element_type=\"widget\" data-widget_type=\"theme-site-logo.default\">\n\t\t\t\t<div class=\"elementor-widget-container\">\n\t\t\t\t\t\t\t\t\t\t\t<a href=\"https:\/\/www.adiestradoracaninapontevedra.com\/en\">\n\t\t\t<img fetchpriority=\"high\" decoding=\"async\" width=\"810\" height=\"784\" src=\"https:\/\/www.adiestradoracaninapontevedra.com\/wp-content\/uploads\/logo-adiestradora.jpg\" class=\"attachment-full size-full wp-image-17\" alt=\"\" srcset=\"https:\/\/www.adiestradoracaninapontevedra.com\/wp-content\/uploads\/logo-adiestradora.jpg 810w, https:\/\/www.adiestradoracaninapontevedra.com\/wp-content\/uploads\/logo-adiestradora-300x290.jpg 300w, https:\/\/www.adiestradoracaninapontevedra.com\/wp-content\/uploads\/logo-adiestradora-768x743.jpg 768w\" sizes=\"(max-width: 810px) 100vw, 810px\" \/>\t\t\t\t<\/a>\n\t\t\t\t\t\t\t\t\t\t\t<\/div>\n\t\t\t\t<\/div>\n\t\t\t\t\t<\/div>\n\t\t\t\t<\/div>\n\t\t\t\t\t<\/div>\n\t\t\t\t<\/div>\n\t\t<div class=\"elementor-element elementor-element-304c014 e-flex e-con-boxed e-con e-parent\" data-id=\"304c014\" data-element_type=\"container\">\n\t\t\t\t\t<div class=\"e-con-inner\">\n\t\t<div class=\"elementor-element elementor-element-9bdffdf e-con-full e-flex e-con e-child\" data-id=\"9bdffdf\" data-element_type=\"container\" data-settings=\"{&quot;background_background&quot;:&quot;classic&quot;}\">\n\t\t\t\t<div class=\"elementor-element elementor-element-b2cbc92 elementor-widget elementor-widget-heading\" data-id=\"b2cbc92\" data-element_type=\"widget\" data-widget_type=\"heading.default\">\n\t\t\t\t<div class=\"elementor-widget-container\">\n\t\t\t\t\t<h2 class=\"elementor-heading-title elementor-size-default\">What is advanced education?<\/h2>\t\t\t\t<\/div>\n\t\t\t\t<\/div>\n\t\t\t\t<div class=\"elementor-element elementor-element-3988e9a elementor-widget elementor-widget-text-editor\" data-id=\"3988e9a\" data-element_type=\"widget\" data-widget_type=\"text-editor.default\">\n\t\t\t\t<div class=\"elementor-widget-container\">\n\t\t\t\t\t\t\t\t\t<div title=\"Page 2\"><p>The<strong> advanced<\/strong><strong>\u00a0canine education<\/strong>\u00a0provides the guide with the necessary tools to <strong>have greater control over your dog in any situation<\/strong>. Basic education exercises\u00a0\u00a0<strong>basic education<\/strong>, adding challenges such as:<\/p><\/div>\t\t\t\t\t\t\t\t<\/div>\n\t\t\t\t<\/div>\n\t\t\t\t<div class=\"elementor-element elementor-element-d1ef6fb elementor-icon-list--layout-traditional elementor-list-item-link-full_width elementor-widget elementor-widget-icon-list\" data-id=\"d1ef6fb\" data-element_type=\"widget\" data-widget_type=\"icon-list.default\">\n\t\t\t\t<div class=\"elementor-widget-container\">\n\t\t\t\t\t\t\t<ul class=\"elementor-icon-list-items\">\n\t\t\t\t\t\t\t<li class=\"elementor-icon-list-item\">\n\t\t\t\t\t\t\t\t\t\t\t<span class=\"elementor-icon-list-icon\">\n\t\t\t\t\t\t\t<svg aria-hidden=\"true\" class=\"e-font-icon-svg e-fas-check-square\" viewbox=\"0 0 448 512\" xmlns=\"http:\/\/www.w3.org\/2000\/svg\"><path d=\"M400 480H48c-26.51 0-48-21.49-48-48V80c0-26.51 21.49-48 48-48h352c26.51 0 48 21.49 48 48v352c0 26.51-21.49 48-48 48zm-204.686-98.059l184-184c6.248-6.248 6.248-16.379 0-22.627l-22.627-22.627c-6.248-6.248-16.379-6.249-22.628 0L184 302.745l-70.059-70.059c-6.248-6.248-16.379-6.248-22.628 0l-22.627 22.627c-6.248 6.248-6.248 16.379 0 22.627l104 104c6.249 6.25 16.379 6.25 22.628.001z\"><\/path><\/svg>\t\t\t\t\t\t<\/span>\n\t\t\t\t\t\t\t\t\t\t<span class=\"elementor-icon-list-text\"><b>Increased distance<\/b> between the guide and the dog.<\/span>\n\t\t\t\t\t\t\t\t\t<\/li>\n\t\t\t\t\t\t\t\t<li class=\"elementor-icon-list-item\">\n\t\t\t\t\t\t\t\t\t\t\t<span class=\"elementor-icon-list-icon\">\n\t\t\t\t\t\t\t<svg aria-hidden=\"true\" class=\"e-font-icon-svg e-fas-check-square\" viewbox=\"0 0 448 512\" xmlns=\"http:\/\/www.w3.org\/2000\/svg\"><path d=\"M400 480H48c-26.51 0-48-21.49-48-48V80c0-26.51 21.49-48 48-48h352c26.51 0 48 21.49 48 48v352c0 26.51-21.49 48-48 48zm-204.686-98.059l184-184c6.248-6.248 6.248-16.379 0-22.627l-22.627-22.627c-6.248-6.248-16.379-6.249-22.628 0L184 302.745l-70.059-70.059c-6.248-6.248-16.379-6.248-22.628 0l-22.627 22.627c-6.248 6.248-6.248 16.379 0 22.627l104 104c6.249 6.25 16.379 6.25 22.628.001z\"><\/path><\/svg>\t\t\t\t\t\t<\/span>\n\t\t\t\t\t\t\t\t\t\t<span class=\"elementor-icon-list-text\"><b>Improved reaction speed<\/b> before commands.<\/span>\n\t\t\t\t\t\t\t\t\t<\/li>\n\t\t\t\t\t\t\t\t<li class=\"elementor-icon-list-item\">\n\t\t\t\t\t\t\t\t\t\t\t<span class=\"elementor-icon-list-icon\">\n\t\t\t\t\t\t\t<svg aria-hidden=\"true\" class=\"e-font-icon-svg e-fas-check-square\" viewbox=\"0 0 448 512\" xmlns=\"http:\/\/www.w3.org\/2000\/svg\"><path d=\"M400 480H48c-26.51 0-48-21.49-48-48V80c0-26.51 21.49-48 48-48h352c26.51 0 48 21.49 48 48v352c0 26.51-21.49 48-48 48zm-204.686-98.059l184-184c6.248-6.248 6.248-16.379 0-22.627l-22.627-22.627c-6.248-6.248-16.379-6.249-22.628 0L184 302.745l-70.059-70.059c-6.248-6.248-16.379-6.248-22.628 0l-22.627 22.627c-6.248 6.248-6.248 16.379 0 22.627l104 104c6.249 6.25 16.379 6.25 22.628.001z\"><\/path><\/svg>\t\t\t\t\t\t<\/span>\n\t\t\t\t\t\t\t\t\t\t<span class=\"elementor-icon-list-text\"><b>Working with distractions<\/b> to reinforce concentration.<\/span>\n\t\t\t\t\t\t\t\t\t<\/li>\n\t\t\t\t\t\t\t\t<li class=\"elementor-icon-list-item\">\n\t\t\t\t\t\t\t\t\t\t\t<span class=\"elementor-icon-list-icon\">\n\t\t\t\t\t\t\t<svg aria-hidden=\"true\" class=\"e-font-icon-svg e-fas-check-square\" viewbox=\"0 0 448 512\" xmlns=\"http:\/\/www.w3.org\/2000\/svg\"><path d=\"M400 480H48c-26.51 0-48-21.49-48-48V80c0-26.51 21.49-48 48-48h352c26.51 0 48 21.49 48 48v352c0 26.51-21.49 48-48 48zm-204.686-98.059l184-184c6.248-6.248 6.248-16.379 0-22.627l-22.627-22.627c-6.248-6.248-16.379-6.249-22.628 0L184 302.745l-70.059-70.059c-6.248-6.248-16.379-6.248-22.628 0l-22.627 22.627c-6.248 6.248-6.248 16.379 0 22.627l104 104c6.249 6.25 16.379 6.25 22.628.001z\"><\/path><\/svg>\t\t\t\t\t\t<\/span>\n\t\t\t\t\t\t\t\t\t\t<span class=\"elementor-icon-list-text\"><b>New canine skills<\/b> useful for daily life<\/span>\n\t\t\t\t\t\t\t\t\t<\/li>\n\t\t\t\t\t\t<\/ul>\n\t\t\t\t\t\t<\/div>\n\t\t\t\t<\/div>\n\t\t\t\t<div class=\"elementor-element elementor-element-cd0fcbe elementor-widget elementor-widget-heading\" data-id=\"cd0fcbe\" data-element_type=\"widget\" data-widget_type=\"heading.default\">\n\t\t\t\t<div class=\"elementor-widget-container\">\n\t\t\t\t\t<h2 class=\"elementor-heading-title elementor-size-default\">Who can access advanced education?<\/h2>\t\t\t\t<\/div>\n\t\t\t\t<\/div>\n\t\t\t\t<div class=\"elementor-element elementor-element-ad85c14 elementor-widget elementor-widget-text-editor\" data-id=\"ad85c14\" data-element_type=\"widget\" data-widget_type=\"text-editor.default\">\n\t\t\t\t<div class=\"elementor-widget-container\">\n\t\t\t\t\t\t\t\t\t<div title=\"Page 2\"><p>It is recommended that the dog and its handler have previously completed the\u00a0<strong>basic education<\/strong>, since advanced exercises build on the foundations already learned. However, it is not a mandatory requirement.<\/p><p>At all times, the guide will actively participate in the process, and our team of <strong>dog trainers in Pontevedra<\/strong> will ensure that the <strong>guide dog pairing<\/strong> achieve the proposed objectives.<\/p><\/div>\t\t\t\t\t\t\t\t<\/div>\n\t\t\t\t<\/div>\n\t\t\t\t<div class=\"elementor-element elementor-element-6aed17c elementor-widget elementor-widget-heading\" data-id=\"6aed17c\" data-element_type=\"widget\" data-widget_type=\"heading.default\">\n\t\t\t\t<div class=\"elementor-widget-container\">\n\t\t\t\t\t<h2 class=\"elementor-heading-title elementor-size-default\">Advanced Education Exercises and Skills<\/h2>\t\t\t\t<\/div>\n\t\t\t\t<\/div>\n\t\t\t\t<div class=\"elementor-element elementor-element-c59641a elementor-icon-list--layout-traditional elementor-list-item-link-full_width elementor-widget elementor-widget-icon-list\" data-id=\"c59641a\" data-element_type=\"widget\" data-widget_type=\"icon-list.default\">\n\t\t\t\t<div class=\"elementor-widget-container\">\n\t\t\t\t\t\t\t<ul class=\"elementor-icon-list-items\">\n\t\t\t\t\t\t\t<li class=\"elementor-icon-list-item\">\n\t\t\t\t\t\t\t\t\t\t\t<span class=\"elementor-icon-list-icon\">\n\t\t\t\t\t\t\t<svg aria-hidden=\"true\" class=\"e-font-icon-svg e-fas-dog\" viewbox=\"0 0 576 512\" xmlns=\"http:\/\/www.w3.org\/2000\/svg\"><path d=\"M298.06,224,448,277.55V496a16,16,0,0,1-16,16H368a16,16,0,0,1-16-16V384H192V496a16,16,0,0,1-16,16H112a16,16,0,0,1-16-16V282.09C58.84,268.84,32,233.66,32,192a32,32,0,0,1,64,0,32.06,32.06,0,0,0,32,32ZM544,112v32a64,64,0,0,1-64,64H448v35.58L320,197.87V48c0-14.25,17.22-21.39,27.31-11.31L374.59,64h53.63c10.91,0,23.75,7.92,28.62,17.69L464,96h64A16,16,0,0,1,544,112Zm-112,0a16,16,0,1,0-16,16A16,16,0,0,0,432,112Z\"><\/path><\/svg>\t\t\t\t\t\t<\/span>\n\t\t\t\t\t\t\t\t\t\t<span class=\"elementor-icon-list-text\"><b>Off-leash tracking:<\/b> greater control in any environment.<\/span>\n\t\t\t\t\t\t\t\t\t<\/li>\n\t\t\t\t\t\t\t\t<li class=\"elementor-icon-list-item\">\n\t\t\t\t\t\t\t\t\t\t\t<span class=\"elementor-icon-list-icon\">\n\t\t\t\t\t\t\t<svg aria-hidden=\"true\" class=\"e-font-icon-svg e-fas-dog\" viewbox=\"0 0 576 512\" xmlns=\"http:\/\/www.w3.org\/2000\/svg\"><path d=\"M298.06,224,448,277.55V496a16,16,0,0,1-16,16H368a16,16,0,0,1-16-16V384H192V496a16,16,0,0,1-16,16H112a16,16,0,0,1-16-16V282.09C58.84,268.84,32,233.66,32,192a32,32,0,0,1,64,0,32.06,32.06,0,0,0,32,32ZM544,112v32a64,64,0,0,1-64,64H448v35.58L320,197.87V48c0-14.25,17.22-21.39,27.31-11.31L374.59,64h53.63c10.91,0,23.75,7.92,28.62,17.69L464,96h64A16,16,0,0,1,544,112Zm-112,0a16,16,0,1,0-16,16A16,16,0,0,0,432,112Z\"><\/path><\/svg>\t\t\t\t\t\t<\/span>\n\t\t\t\t\t\t\t\t\t\t<span class=\"elementor-icon-list-text\"><b>Sitting on the go:<\/b> immediate response without having to stop.<\/span>\n\t\t\t\t\t\t\t\t\t<\/li>\n\t\t\t\t\t\t\t\t<li class=\"elementor-icon-list-item\">\n\t\t\t\t\t\t\t\t\t\t\t<span class=\"elementor-icon-list-icon\">\n\t\t\t\t\t\t\t<svg aria-hidden=\"true\" class=\"e-font-icon-svg e-fas-dog\" viewbox=\"0 0 576 512\" xmlns=\"http:\/\/www.w3.org\/2000\/svg\"><path d=\"M298.06,224,448,277.55V496a16,16,0,0,1-16,16H368a16,16,0,0,1-16-16V384H192V496a16,16,0,0,1-16,16H112a16,16,0,0,1-16-16V282.09C58.84,268.84,32,233.66,32,192a32,32,0,0,1,64,0,32.06,32.06,0,0,0,32,32ZM544,112v32a64,64,0,0,1-64,64H448v35.58L320,197.87V48c0-14.25,17.22-21.39,27.31-11.31L374.59,64h53.63c10.91,0,23.75,7.92,28.62,17.69L464,96h64A16,16,0,0,1,544,112Zm-112,0a16,16,0,1,0-16,16A16,16,0,0,0,432,112Z\"><\/path><\/svg>\t\t\t\t\t\t<\/span>\n\t\t\t\t\t\t\t\t\t\t<span class=\"elementor-icon-list-text\"><b>Lying on the fly:<\/b> obedience in motion.<\/span>\n\t\t\t\t\t\t\t\t\t<\/li>\n\t\t\t\t\t\t\t\t<li class=\"elementor-icon-list-item\">\n\t\t\t\t\t\t\t\t\t\t\t<span class=\"elementor-icon-list-icon\">\n\t\t\t\t\t\t\t<svg aria-hidden=\"true\" class=\"e-font-icon-svg e-fas-dog\" viewbox=\"0 0 576 512\" xmlns=\"http:\/\/www.w3.org\/2000\/svg\"><path d=\"M298.06,224,448,277.55V496a16,16,0,0,1-16,16H368a16,16,0,0,1-16-16V384H192V496a16,16,0,0,1-16,16H112a16,16,0,0,1-16-16V282.09C58.84,268.84,32,233.66,32,192a32,32,0,0,1,64,0,32.06,32.06,0,0,0,32,32ZM544,112v32a64,64,0,0,1-64,64H448v35.58L320,197.87V48c0-14.25,17.22-21.39,27.31-11.31L374.59,64h53.63c10.91,0,23.75,7.92,28.62,17.69L464,96h64A16,16,0,0,1,544,112Zm-112,0a16,16,0,1,0-16,16A16,16,0,0,0,432,112Z\"><\/path><\/svg>\t\t\t\t\t\t<\/span>\n\t\t\t\t\t\t\t\t\t\t<span class=\"elementor-icon-list-text\"><b>Remote control:<\/b> effective commands even from meters away.<\/span>\n\t\t\t\t\t\t\t\t\t<\/li>\n\t\t\t\t\t\t\t\t<li class=\"elementor-icon-list-item\">\n\t\t\t\t\t\t\t\t\t\t\t<span class=\"elementor-icon-list-icon\">\n\t\t\t\t\t\t\t<svg aria-hidden=\"true\" class=\"e-font-icon-svg e-fas-dog\" viewbox=\"0 0 576 512\" xmlns=\"http:\/\/www.w3.org\/2000\/svg\"><path d=\"M298.06,224,448,277.55V496a16,16,0,0,1-16,16H368a16,16,0,0,1-16-16V384H192V496a16,16,0,0,1-16,16H112a16,16,0,0,1-16-16V282.09C58.84,268.84,32,233.66,32,192a32,32,0,0,1,64,0,32.06,32.06,0,0,0,32,32ZM544,112v32a64,64,0,0,1-64,64H448v35.58L320,197.87V48c0-14.25,17.22-21.39,27.31-11.31L374.59,64h53.63c10.91,0,23.75,7.92,28.62,17.69L464,96h64A16,16,0,0,1,544,112Zm-112,0a16,16,0,1,0-16,16A16,16,0,0,0,432,112Z\"><\/path><\/svg>\t\t\t\t\t\t<\/span>\n\t\t\t\t\t\t\t\t\t\t<span class=\"elementor-icon-list-text\"><b>Food refusal:<\/b> poison prevention and impulse control.<\/span>\n\t\t\t\t\t\t\t\t\t<\/li>\n\t\t\t\t\t\t\t\t<li class=\"elementor-icon-list-item\">\n\t\t\t\t\t\t\t\t\t\t\t<span class=\"elementor-icon-list-icon\">\n\t\t\t\t\t\t\t<svg aria-hidden=\"true\" class=\"e-font-icon-svg e-fas-dog\" viewbox=\"0 0 576 512\" xmlns=\"http:\/\/www.w3.org\/2000\/svg\"><path d=\"M298.06,224,448,277.55V496a16,16,0,0,1-16,16H368a16,16,0,0,1-16-16V384H192V496a16,16,0,0,1-16,16H112a16,16,0,0,1-16-16V282.09C58.84,268.84,32,233.66,32,192a32,32,0,0,1,64,0,32.06,32.06,0,0,0,32,32ZM544,112v32a64,64,0,0,1-64,64H448v35.58L320,197.87V48c0-14.25,17.22-21.39,27.31-11.31L374.59,64h53.63c10.91,0,23.75,7.92,28.62,17.69L464,96h64A16,16,0,0,1,544,112Zm-112,0a16,16,0,1,0-16,16A16,16,0,0,0,432,112Z\"><\/path><\/svg>\t\t\t\t\t\t<\/span>\n\t\t\t\t\t\t\t\t\t\t<span class=\"elementor-icon-list-text\"><b>Canine skills:<\/b> useful exercises to improve the relationship with the dog.<\/span>\n\t\t\t\t\t\t\t\t\t<\/li>\n\t\t\t\t\t\t<\/ul>\n\t\t\t\t\t\t<\/div>\n\t\t\t\t<\/div>\n\t\t\t\t<div class=\"elementor-element elementor-element-46bbb62 elementor-widget elementor-widget-heading\" data-id=\"46bbb62\" data-element_type=\"widget\" data-widget_type=\"heading.default\">\n\t\t\t\t<div class=\"elementor-widget-container\">\n\t\t\t\t\t<h3 class=\"elementor-heading-title elementor-size-default\">Want to take your dog's training to the next level? Contact us and get started today.<\/h3>\t\t\t\t<\/div>\n\t\t\t\t<\/div>\n\t\t\t\t<div class=\"elementor-element elementor-element-f7ba70e elementor-widget__width-initial elementor-align-center elementor-widget elementor-widget-button\" data-id=\"f7ba70e\" data-element_type=\"widget\" data-widget_type=\"button.default\">\n\t\t\t\t<div class=\"elementor-widget-container\">\n\t\t\t\t\t\t\t\t\t<div class=\"elementor-button-wrapper\">\n\t\t\t\t\t<a class=\"elementor-button elementor-button-link elementor-size-sm\" href=\"https:\/\/www.adiestradoracaninapontevedra.com\/en\/contacto\/\">\n\t\t\t\t\t\t<span class=\"elementor-button-content-wrapper\">\n\t\t\t\t\t\t\t\t\t<span class=\"elementor-button-text\">Contact Us<\/span>\n\t\t\t\t\t<\/span>\n\t\t\t\t\t<\/a>\n\t\t\t\t<\/div>\n\t\t\t\t\t\t\t\t<\/div>\n\t\t\t\t<\/div>\n\t\t\t\t<\/div>\n\t\t\t\t\t<\/div>\n\t\t\t\t<\/div>\n\t\t\t\t<\/div>","protected":false},"excerpt":{"rendered":"<p>\u00bfEn qu\u00e9 consiste la educaci\u00f3n avanzada? La educaci\u00f3n\u00a0canina avanzada\u00a0proporciona al gu\u00eda las herramientas necesarias para tener un mayor control sobre su perro en cualquier situaci\u00f3n. Se perfeccionan los ejercicios de la\u00a0\u00a0educaci\u00f3n b\u00e1sica, a\u00f1adiendo desaf\u00edos como: Aumento de la distancia entre el gu\u00eda y el perro. Mejora en la velocidad de reacci\u00f3n ante comandos. Trabajo con [&hellip;]<\/p>","protected":false},"author":1,"featured_media":0,"parent":0,"menu_order":0,"comment_status":"closed","ping_status":"closed","template":"","meta":{"_monsterinsights_skip_tracking":false,"_monsterinsights_sitenote_active":false,"_monsterinsights_sitenote_note":"","_monsterinsights_sitenote_category":0,"footnotes":""},"class_list":["post-176","page","type-page","status-publish","hentry"],"yoast_head":"<!-- This site is optimized with the Yoast SEO plugin v24.5 - https:\/\/yoast.com\/wordpress\/plugins\/seo\/ -->\n<title>Educaci\u00f3n avanzada - Adiestradora canina Pontevedra<\/title>\n<meta name=\"robots\" content=\"index, follow, max-snippet:-1, max-image-preview:large, max-video-preview:-1\" \/>\n<link rel=\"canonical\" href=\"https:\/\/www.adiestradoracaninapontevedra.com\/en\/educacion-avanzada\/\" \/>\n<meta property=\"og:locale\" content=\"en_GB\" \/>\n<meta property=\"og:type\" content=\"article\" \/>\n<meta property=\"og:title\" content=\"Educaci\u00f3n avanzada - Adiestradora canina Pontevedra\" \/>\n<meta property=\"og:description\" content=\"\u00bfEn qu\u00e9 consiste la educaci\u00f3n avanzada? La educaci\u00f3n\u00a0canina avanzada\u00a0proporciona al gu\u00eda las herramientas necesarias para tener un mayor control sobre su perro en cualquier situaci\u00f3n. Se perfeccionan los ejercicios de la\u00a0\u00a0educaci\u00f3n b\u00e1sica, a\u00f1adiendo desaf\u00edos como: Aumento de la distancia entre el gu\u00eda y el perro. Mejora en la velocidad de reacci\u00f3n ante comandos. Trabajo con [&hellip;]\" \/>\n<meta property=\"og:url\" content=\"https:\/\/www.adiestradoracaninapontevedra.com\/en\/educacion-avanzada\/\" \/>\n<meta property=\"og:site_name\" content=\"Adiestradora canina Pontevedra\" \/>\n<meta property=\"article:modified_time\" content=\"2025-06-04T21:05:07+00:00\" \/>\n<meta name=\"twitter:card\" content=\"summary_large_image\" \/>\n<meta name=\"twitter:label1\" content=\"Estimated reading time\" \/>\n\t<meta name=\"twitter:data1\" content=\"2 minutes\" \/>\n<script type=\"application\/ld+json\" class=\"yoast-schema-graph\">{\"@context\":\"https:\/\/schema.org\",\"@graph\":[{\"@type\":\"WebPage\",\"@id\":\"https:\/\/www.adiestradoracaninapontevedra.com\/educacion-avanzada\/\",\"url\":\"https:\/\/www.adiestradoracaninapontevedra.com\/educacion-avanzada\/\",\"name\":\"Educaci\u00f3n avanzada - Adiestradora canina Pontevedra\",\"isPartOf\":{\"@id\":\"https:\/\/www.adiestradoracaninapontevedra.com\/#website\"},\"datePublished\":\"2025-02-04T10:27:54+00:00\",\"dateModified\":\"2025-06-04T21:05:07+00:00\",\"breadcrumb\":{\"@id\":\"https:\/\/www.adiestradoracaninapontevedra.com\/educacion-avanzada\/#breadcrumb\"},\"inLanguage\":\"en-GB\",\"potentialAction\":[{\"@type\":\"ReadAction\",\"target\":[\"https:\/\/www.adiestradoracaninapontevedra.com\/educacion-avanzada\/\"]}]},{\"@type\":\"BreadcrumbList\",\"@id\":\"https:\/\/www.adiestradoracaninapontevedra.com\/educacion-avanzada\/#breadcrumb\",\"itemListElement\":[{\"@type\":\"ListItem\",\"position\":1,\"name\":\"Portada\",\"item\":\"https:\/\/www.adiestradoracaninapontevedra.com\/\"},{\"@type\":\"ListItem\",\"position\":2,\"name\":\"Educaci\u00f3n avanzada\"}]},{\"@type\":\"WebSite\",\"@id\":\"https:\/\/www.adiestradoracaninapontevedra.com\/#website\",\"url\":\"https:\/\/www.adiestradoracaninapontevedra.com\/\",\"name\":\"Adiestradora canina Pontevedra\",\"description\":\"\",\"publisher\":{\"@id\":\"https:\/\/www.adiestradoracaninapontevedra.com\/#organization\"},\"potentialAction\":[{\"@type\":\"SearchAction\",\"target\":{\"@type\":\"EntryPoint\",\"urlTemplate\":\"https:\/\/www.adiestradoracaninapontevedra.com\/?s={search_term_string}\"},\"query-input\":{\"@type\":\"PropertyValueSpecification\",\"valueRequired\":true,\"valueName\":\"search_term_string\"}}],\"inLanguage\":\"en-GB\"},{\"@type\":\"Organization\",\"@id\":\"https:\/\/www.adiestradoracaninapontevedra.com\/#organization\",\"name\":\"Adiestradora canina Pontevedra\",\"url\":\"https:\/\/www.adiestradoracaninapontevedra.com\/\",\"logo\":{\"@type\":\"ImageObject\",\"inLanguage\":\"en-GB\",\"@id\":\"https:\/\/www.adiestradoracaninapontevedra.com\/#\/schema\/logo\/image\/\",\"url\":\"https:\/\/www.adiestradoracaninapontevedra.com\/wp-content\/uploads\/logo-adiestradora.jpg\",\"contentUrl\":\"https:\/\/www.adiestradoracaninapontevedra.com\/wp-content\/uploads\/logo-adiestradora.jpg\",\"width\":810,\"height\":784,\"caption\":\"Adiestradora canina Pontevedra\"},\"image\":{\"@id\":\"https:\/\/www.adiestradoracaninapontevedra.com\/#\/schema\/logo\/image\/\"}}]}<\/script>\n<!-- \/ Yoast SEO plugin. -->","yoast_head_json":{"title":"Educaci\u00f3n avanzada - Adiestradora canina Pontevedra","robots":{"index":"index","follow":"follow","max-snippet":"max-snippet:-1","max-image-preview":"max-image-preview:large","max-video-preview":"max-video-preview:-1"},"canonical":"https:\/\/www.adiestradoracaninapontevedra.com\/en\/educacion-avanzada\/","og_locale":"en_GB","og_type":"article","og_title":"Educaci\u00f3n avanzada - Adiestradora canina Pontevedra","og_description":"\u00bfEn qu\u00e9 consiste la educaci\u00f3n avanzada? La educaci\u00f3n\u00a0canina avanzada\u00a0proporciona al gu\u00eda las herramientas necesarias para tener un mayor control sobre su perro en cualquier situaci\u00f3n. Se perfeccionan los ejercicios de la\u00a0\u00a0educaci\u00f3n b\u00e1sica, a\u00f1adiendo desaf\u00edos como: Aumento de la distancia entre el gu\u00eda y el perro. Mejora en la velocidad de reacci\u00f3n ante comandos. Trabajo con [&hellip;]","og_url":"https:\/\/www.adiestradoracaninapontevedra.com\/en\/educacion-avanzada\/","og_site_name":"Adiestradora canina Pontevedra","article_modified_time":"2025-06-04T21:05:07+00:00","twitter_card":"summary_large_image","twitter_misc":{"Estimated reading time":"2 minutes"},"schema":{"@context":"https:\/\/schema.org","@graph":[{"@type":"WebPage","@id":"https:\/\/www.adiestradoracaninapontevedra.com\/educacion-avanzada\/","url":"https:\/\/www.adiestradoracaninapontevedra.com\/educacion-avanzada\/","name":"Educaci\u00f3n avanzada - Adiestradora canina Pontevedra","isPartOf":{"@id":"https:\/\/www.adiestradoracaninapontevedra.com\/#website"},"datePublished":"2025-02-04T10:27:54+00:00","dateModified":"2025-06-04T21:05:07+00:00","breadcrumb":{"@id":"https:\/\/www.adiestradoracaninapontevedra.com\/educacion-avanzada\/#breadcrumb"},"inLanguage":"en-GB","potentialAction":[{"@type":"ReadAction","target":["https:\/\/www.adiestradoracaninapontevedra.com\/educacion-avanzada\/"]}]},{"@type":"BreadcrumbList","@id":"https:\/\/www.adiestradoracaninapontevedra.com\/educacion-avanzada\/#breadcrumb","itemListElement":[{"@type":"ListItem","position":1,"name":"Portada","item":"https:\/\/www.adiestradoracaninapontevedra.com\/"},{"@type":"ListItem","position":2,"name":"Educaci\u00f3n avanzada"}]},{"@type":"WebSite","@id":"https:\/\/www.adiestradoracaninapontevedra.com\/#website","url":"https:\/\/www.adiestradoracaninapontevedra.com\/","name":"Adiestradora canina Pontevedra","description":"","publisher":{"@id":"https:\/\/www.adiestradoracaninapontevedra.com\/#organization"},"potentialAction":[{"@type":"SearchAction","target":{"@type":"EntryPoint","urlTemplate":"https:\/\/www.adiestradoracaninapontevedra.com\/?s={search_term_string}"},"query-input":{"@type":"PropertyValueSpecification","valueRequired":true,"valueName":"search_term_string"}}],"inLanguage":"en-GB"},{"@type":"Organization","@id":"https:\/\/www.adiestradoracaninapontevedra.com\/#organization","name":"Adiestradora canina Pontevedra","url":"https:\/\/www.adiestradoracaninapontevedra.com\/","logo":{"@type":"ImageObject","inLanguage":"en-GB","@id":"https:\/\/www.adiestradoracaninapontevedra.com\/#\/schema\/logo\/image\/","url":"https:\/\/www.adiestradoracaninapontevedra.com\/wp-content\/uploads\/logo-adiestradora.jpg","contentUrl":"https:\/\/www.adiestradoracaninapontevedra.com\/wp-content\/uploads\/logo-adiestradora.jpg","width":810,"height":784,"caption":"Adiestradora canina Pontevedra"},"image":{"@id":"https:\/\/www.adiestradoracaninapontevedra.com\/#\/schema\/logo\/image\/"}}]}},"_links":{"self":[{"href":"https:\/\/www.adiestradoracaninapontevedra.com\/en\/wp-json\/wp\/v2\/pages\/176","targetHints":{"allow":["GET"]}}],"collection":[{"href":"https:\/\/www.adiestradoracaninapontevedra.com\/en\/wp-json\/wp\/v2\/pages"}],"about":[{"href":"https:\/\/www.adiestradoracaninapontevedra.com\/en\/wp-json\/wp\/v2\/types\/page"}],"author":[{"embeddable":true,"href":"https:\/\/www.adiestradoracaninapontevedra.com\/en\/wp-json\/wp\/v2\/users\/1"}],"replies":[{"embeddable":true,"href":"https:\/\/www.adiestradoracaninapontevedra.com\/en\/wp-json\/wp\/v2\/comments?post=176"}],"version-history":[{"count":28,"href":"https:\/\/www.adiestradoracaninapontevedra.com\/en\/wp-json\/wp\/v2\/pages\/176\/revisions"}],"predecessor-version":[{"id":669,"href":"https:\/\/www.adiestradoracaninapontevedra.com\/en\/wp-json\/wp\/v2\/pages\/176\/revisions\/669"}],"wp:attachment":[{"href":"https:\/\/www.adiestradoracaninapontevedra.com\/en\/wp-json\/wp\/v2\/media?parent=176"}],"curies":[{"name":"wp","href":"https:\/\/api.w.org\/{rel}","templated":true}]}}