{"id":14,"date":"2025-01-10T01:34:49","date_gmt":"2025-01-10T00:34:49","guid":{"rendered":"https:\/\/www.adiestradoracaninapontevedra.com\/?page_id=14"},"modified":"2025-06-04T22:56:22","modified_gmt":"2025-06-04T20:56:22","slug":"servicios-adiestramiento-canino-pontevedra","status":"publish","type":"page","link":"https:\/\/www.adiestradoracaninapontevedra.com\/en\/","title":{"rendered":"Servicios de adiestramiento canino en Pontevedra"},"content":{"rendered":"<div data-elementor-type=\"wp-page\" data-elementor-id=\"14\" class=\"elementor elementor-14\" data-elementor-post-type=\"page\">\n\t\t\t\t<div class=\"elementor-element elementor-element-5a90e0b e-flex e-con-boxed e-con e-parent\" data-id=\"5a90e0b\" data-element_type=\"container\" data-settings=\"{&quot;background_background&quot;:&quot;classic&quot;}\">\n\t\t\t\t\t<div class=\"e-con-inner\">\n\t\t<div class=\"elementor-element elementor-element-ec73fbc e-flex e-con-boxed e-con e-child\" data-id=\"ec73fbc\" data-element_type=\"container\">\n\t\t\t\t\t<div class=\"e-con-inner\">\n\t\t<div class=\"elementor-element elementor-element-88b8a0f e-con-full e-flex e-con e-child\" data-id=\"88b8a0f\" data-element_type=\"container\">\n\t\t\t\t<div class=\"elementor-element elementor-element-1f4ceaf elementor-widget elementor-widget-theme-site-logo elementor-widget-image\" data-id=\"1f4ceaf\" data-element_type=\"widget\" data-widget_type=\"theme-site-logo.default\">\n\t\t\t\t<div class=\"elementor-widget-container\">\n\t\t\t\t\t\t\t\t\t\t\t<a href=\"https:\/\/www.adiestradoracaninapontevedra.com\/en\">\n\t\t\t<img fetchpriority=\"high\" decoding=\"async\" width=\"810\" height=\"784\" src=\"https:\/\/www.adiestradoracaninapontevedra.com\/wp-content\/uploads\/logo-adiestradora.jpg\" class=\"attachment-full size-full wp-image-17\" alt=\"\" srcset=\"https:\/\/www.adiestradoracaninapontevedra.com\/wp-content\/uploads\/logo-adiestradora.jpg 810w, https:\/\/www.adiestradoracaninapontevedra.com\/wp-content\/uploads\/logo-adiestradora-300x290.jpg 300w, https:\/\/www.adiestradoracaninapontevedra.com\/wp-content\/uploads\/logo-adiestradora-768x743.jpg 768w\" sizes=\"(max-width: 810px) 100vw, 810px\" \/>\t\t\t\t<\/a>\n\t\t\t\t\t\t\t\t\t\t\t<\/div>\n\t\t\t\t<\/div>\n\t\t\t\t<div class=\"elementor-element elementor-element-f70138c encabezado elementor-widget__width-initial elementor-widget elementor-widget-heading\" data-id=\"f70138c\" data-element_type=\"widget\" data-widget_type=\"heading.default\">\n\t\t\t\t<div class=\"elementor-widget-container\">\n\t\t\t\t\t<h1 class=\"elementor-heading-title elementor-size-default\">Dog Training Services in Pontevedra<\/h1>\t\t\t\t<\/div>\n\t\t\t\t<\/div>\n\t\t\t\t<\/div>\n\t\t\t\t\t<\/div>\n\t\t\t\t<\/div>\n\t\t\t\t\t<\/div>\n\t\t\t\t<\/div>\n\t\t<div class=\"elementor-element elementor-element-304c014 e-flex e-con-boxed e-con e-parent\" data-id=\"304c014\" data-element_type=\"container\">\n\t\t\t\t\t<div class=\"e-con-inner\">\n\t\t<div class=\"elementor-element elementor-element-9bdffdf e-con-full e-flex e-con e-child\" data-id=\"9bdffdf\" data-element_type=\"container\" data-settings=\"{&quot;background_background&quot;:&quot;classic&quot;}\">\n\t\t<div class=\"elementor-element elementor-element-53bc0b3 e-con-full e-flex e-con e-child\" data-id=\"53bc0b3\" data-element_type=\"container\">\n\t\t\t\t<div class=\"elementor-element elementor-element-0dc20af elementor-widget elementor-widget-heading\" data-id=\"0dc20af\" data-element_type=\"widget\" data-widget_type=\"heading.default\">\n\t\t\t\t<div class=\"elementor-widget-container\">\n\t\t\t\t\t<h2 class=\"elementor-heading-title elementor-size-default\">Personalized education at home<\/h2>\t\t\t\t<\/div>\n\t\t\t\t<\/div>\n\t\t\t\t<\/div>\n\t\t<div class=\"elementor-element elementor-element-4dc9a44 e-con-full e-flex e-con e-child\" data-id=\"4dc9a44\" data-element_type=\"container\">\n\t\t\t\t<div class=\"elementor-element elementor-element-04b8e39 elementor-widget elementor-widget-text-editor\" data-id=\"04b8e39\" data-element_type=\"widget\" data-widget_type=\"text-editor.default\">\n\t\t\t\t<div class=\"elementor-widget-container\">\n\t\t\t\t\t\t\t\t\t<p>We offer our dog education and training services in Pontevedra and surrounding areas, adapting to the needs of each dog and its family.<\/p>\t\t\t\t\t\t\t\t<\/div>\n\t\t\t\t<\/div>\n\t\t\t\t<\/div>\n\t\t<div class=\"elementor-element elementor-element-359032b e-con-full e-flex e-con e-child\" data-id=\"359032b\" data-element_type=\"container\">\n\t\t\t\t<div class=\"elementor-element elementor-element-d9a25a2 elementor-widget elementor-widget-heading\" data-id=\"d9a25a2\" data-element_type=\"widget\" data-widget_type=\"heading.default\">\n\t\t\t\t<div class=\"elementor-widget-container\">\n\t\t\t\t\t<h2 class=\"elementor-heading-title elementor-size-default\">Our services<\/h2>\t\t\t\t<\/div>\n\t\t\t\t<\/div>\n\t\t\t\t<\/div>\n\t\t<div class=\"elementor-element elementor-element-87a8a40 e-con-full e-flex e-con e-child\" data-id=\"87a8a40\" data-element_type=\"container\">\n\t\t\t\t<div class=\"elementor-element elementor-element-8e509d2 elementor-widget elementor-widget-text-editor\" data-id=\"8e509d2\" data-element_type=\"widget\" data-widget_type=\"text-editor.default\">\n\t\t\t\t<div class=\"elementor-widget-container\">\n\t\t\t\t\t\t\t\t\t<ul><li><strong>Advanced education: <\/strong>perfects obedience and control.<\/li><li><strong>Behavior modification: <\/strong>solves problems of fear, anxiety or aggression.<\/li><li><strong>Walks: <\/strong>we teach how to walk without pulling and how to socialize properly.<\/li><li><strong>Advice on choosing a puppy\/adult: <\/strong>find the ideal partner.<\/li><li><strong>Puppy training: <\/strong>socialization and basic rules from a young age.<\/li><li><strong>Basic education: <\/strong>essential obedience for better coexistence.<\/li><\/ul>\t\t\t\t\t\t\t\t<\/div>\n\t\t\t\t<\/div>\n\t\t\t\t<\/div>\n\t\t\t\t<\/div>\n\t\t\t\t\t<\/div>\n\t\t\t\t<\/div>\n\t\t<div class=\"elementor-element elementor-element-6aa234b e-flex e-con-boxed e-con e-parent\" data-id=\"6aa234b\" data-element_type=\"container\">\n\t\t\t\t\t<div class=\"e-con-inner\">\n\t\t<div class=\"elementor-element elementor-element-da43e36 e-con-full e-flex e-con e-child\" data-id=\"da43e36\" data-element_type=\"container\">\n\t\t\t\t<div class=\"elementor-element elementor-element-169fbd7 elementor-widget elementor-widget-heading\" data-id=\"169fbd7\" data-element_type=\"widget\" data-widget_type=\"heading.default\">\n\t\t\t\t<div class=\"elementor-widget-container\">\n\t\t\t\t\t<h3 class=\"elementor-heading-title elementor-size-default\">WE HELP YOU COMMUNICATE WITH YOUR DOG AND UNDERSTAND IT<\/h3>\t\t\t\t<\/div>\n\t\t\t\t<\/div>\n\t\t\t\t<div class=\"elementor-element elementor-element-aa50a1b elementor-widget elementor-widget-text-editor\" data-id=\"aa50a1b\" data-element_type=\"widget\" data-widget_type=\"text-editor.default\">\n\t\t\t\t<div class=\"elementor-widget-container\">\n\t\t\t\t\t\t\t\t\t<div class=\"page\" title=\"Page 1\"><div class=\"section\"><div class=\"layoutArea\"><div class=\"column\"><p>Communication between the guide dog and the dog team is essential for coexistence.<\/p><p>We will advise you throughout the process of training or modifying your dog's behavior.<\/p><p>Don't hesitate to contact us without obligation; we're happy to help.<\/p><\/div><\/div><\/div><\/div>\t\t\t\t\t\t\t\t<\/div>\n\t\t\t\t<\/div>\n\t\t\t\t<\/div>\n\t\t<div class=\"elementor-element elementor-element-57a4d9c e-con-full e-flex e-con e-child\" data-id=\"57a4d9c\" data-element_type=\"container\">\n\t\t\t\t<div class=\"elementor-element elementor-element-663bd36 elementor-widget elementor-widget-image\" data-id=\"663bd36\" data-element_type=\"widget\" data-widget_type=\"image.default\">\n\t\t\t\t<div class=\"elementor-widget-container\">\n\t\t\t\t\t\t\t\t\t\t\t\t\t\t\t<img decoding=\"async\" width=\"471\" height=\"524\" src=\"https:\/\/www.adiestradoracaninapontevedra.com\/wp-content\/uploads\/comunicacion.jpg\" class=\"attachment-large size-large wp-image-41\" alt=\"\" srcset=\"https:\/\/www.adiestradoracaninapontevedra.com\/wp-content\/uploads\/comunicacion.jpg 471w, https:\/\/www.adiestradoracaninapontevedra.com\/wp-content\/uploads\/comunicacion-270x300.jpg 270w\" sizes=\"(max-width: 471px) 100vw, 471px\" \/>\t\t\t\t\t\t\t\t\t\t\t\t\t\t\t<\/div>\n\t\t\t\t<\/div>\n\t\t\t\t<\/div>\n\t\t\t\t\t<\/div>\n\t\t\t\t<\/div>\n\t\t<div class=\"elementor-element elementor-element-024d343 e-flex e-con-boxed e-con e-parent\" data-id=\"024d343\" data-element_type=\"container\" data-settings=\"{&quot;background_background&quot;:&quot;classic&quot;}\">\n\t\t\t\t\t<div class=\"e-con-inner\">\n\t\t<div class=\"elementor-element elementor-element-18345a4 e-con-full e-flex e-con e-child\" data-id=\"18345a4\" data-element_type=\"container\">\n\t\t<div class=\"elementor-element elementor-element-73adaca e-con-full e-flex e-con e-child\" data-id=\"73adaca\" data-element_type=\"container\">\n\t\t\t\t<div class=\"elementor-element elementor-element-265a447 encabezado elementor-widget elementor-widget-heading\" data-id=\"265a447\" data-element_type=\"widget\" data-widget_type=\"heading.default\">\n\t\t\t\t<div class=\"elementor-widget-container\">\n\t\t\t\t\t<h2 class=\"elementor-heading-title elementor-size-default\">Get to know us<\/h2>\t\t\t\t<\/div>\n\t\t\t\t<\/div>\n\t\t<div class=\"elementor-element elementor-element-3dae4ef e-con-full e-flex e-con e-child\" data-id=\"3dae4ef\" data-element_type=\"container\">\n\t\t<div class=\"elementor-element elementor-element-7f0b5f1 e-con-full e-flex e-con e-child\" data-id=\"7f0b5f1\" data-element_type=\"container\">\n\t\t\t\t<div class=\"elementor-element elementor-element-8aa33c6 elementor-widget__width-initial elementor-mobile-align-right elementor-widget elementor-widget-button\" data-id=\"8aa33c6\" data-element_type=\"widget\" data-widget_type=\"button.default\">\n\t\t\t\t<div class=\"elementor-widget-container\">\n\t\t\t\t\t\t\t\t\t<div class=\"elementor-button-wrapper\">\n\t\t\t\t\t<a class=\"elementor-button elementor-button-link elementor-size-sm\" href=\"https:\/\/www.adiestradoracaninapontevedra.com\/en\/sobre-nosotros\/\">\n\t\t\t\t\t\t<span class=\"elementor-button-content-wrapper\">\n\t\t\t\t\t\t\t\t\t<span class=\"elementor-button-text\">About Us<\/span>\n\t\t\t\t\t<\/span>\n\t\t\t\t\t<\/a>\n\t\t\t\t<\/div>\n\t\t\t\t\t\t\t\t<\/div>\n\t\t\t\t<\/div>\n\t\t\t\t<\/div>\n\t\t<div class=\"elementor-element elementor-element-e090454 e-con-full e-flex e-con e-child\" data-id=\"e090454\" data-element_type=\"container\">\n\t\t\t\t<div class=\"elementor-element elementor-element-4567d06 elementor-widget__width-initial elementor-mobile-align-right elementor-widget elementor-widget-button\" data-id=\"4567d06\" data-element_type=\"widget\" data-widget_type=\"button.default\">\n\t\t\t\t<div class=\"elementor-widget-container\">\n\t\t\t\t\t\t\t\t\t<div class=\"elementor-button-wrapper\">\n\t\t\t\t\t<a class=\"elementor-button elementor-button-link elementor-size-sm\" href=\"https:\/\/www.adiestradoracaninapontevedra.com\/en\/servicios\/\">\n\t\t\t\t\t\t<span class=\"elementor-button-content-wrapper\">\n\t\t\t\t\t\t\t\t\t<span class=\"elementor-button-text\">Services<\/span>\n\t\t\t\t\t<\/span>\n\t\t\t\t\t<\/a>\n\t\t\t\t<\/div>\n\t\t\t\t\t\t\t\t<\/div>\n\t\t\t\t<\/div>\n\t\t\t\t<\/div>\n\t\t\t\t<\/div>\n\t\t\t\t<\/div>\n\t\t\t\t<\/div>\n\t\t\t\t\t<\/div>\n\t\t\t\t<\/div>\n\t\t<div class=\"elementor-element elementor-element-6973b34 e-flex e-con-boxed e-con e-parent\" data-id=\"6973b34\" data-element_type=\"container\">\n\t\t\t\t\t<div class=\"e-con-inner\">\n\t\t<div class=\"elementor-element elementor-element-e3312bf e-con-full e-flex e-con e-child\" data-id=\"e3312bf\" data-element_type=\"container\" data-settings=\"{&quot;background_background&quot;:&quot;classic&quot;}\">\n\t\t<div class=\"elementor-element elementor-element-91838c3 e-con-full e-flex e-con e-child\" data-id=\"91838c3\" data-element_type=\"container\">\n\t\t\t\t<div class=\"elementor-element elementor-element-344d048 elementor-widget elementor-widget-heading\" data-id=\"344d048\" data-element_type=\"widget\" data-widget_type=\"heading.default\">\n\t\t\t\t<div class=\"elementor-widget-container\">\n\t\t\t\t\t<h2 class=\"elementor-heading-title elementor-size-default\">SCHEDULES<\/h2>\t\t\t\t<\/div>\n\t\t\t\t<\/div>\n\t\t\t\t<div class=\"elementor-element elementor-element-e56b6bb elementor-view-default elementor-widget elementor-widget-icon\" data-id=\"e56b6bb\" data-element_type=\"widget\" data-widget_type=\"icon.default\">\n\t\t\t\t<div class=\"elementor-widget-container\">\n\t\t\t\t\t\t\t<div class=\"elementor-icon-wrapper\">\n\t\t\t<div class=\"elementor-icon\">\n\t\t\t<svg aria-hidden=\"true\" class=\"e-font-icon-svg e-far-clock\" viewbox=\"0 0 512 512\" xmlns=\"http:\/\/www.w3.org\/2000\/svg\"><path d=\"M256 8C119 8 8 119 8 256s111 248 248 248 248-111 248-248S393 8 256 8zm0 448c-110.5 0-200-89.5-200-200S145.5 56 256 56s200 89.5 200 200-89.5 200-200 200zm61.8-104.4l-84.9-61.7c-3.1-2.3-4.9-5.9-4.9-9.7V116c0-6.6 5.4-12 12-12h32c6.6 0 12 5.4 12 12v141.7l66.8 48.6c5.4 3.9 6.5 11.4 2.6 16.8L334.6 349c-3.9 5.3-11.4 6.5-16.8 2.6z\"><\/path><\/svg>\t\t\t<\/div>\n\t\t<\/div>\n\t\t\t\t\t\t<\/div>\n\t\t\t\t<\/div>\n\t\t\t\t<\/div>\n\t\t<div class=\"elementor-element elementor-element-7cbc2eb e-con-full e-flex e-con e-child\" data-id=\"7cbc2eb\" data-element_type=\"container\">\n\t\t\t\t<div class=\"elementor-element elementor-element-d8ab096 elementor-widget elementor-widget-text-editor\" data-id=\"d8ab096\" data-element_type=\"widget\" data-widget_type=\"text-editor.default\">\n\t\t\t\t<div class=\"elementor-widget-container\">\n\t\t\t\t\t\t\t\t\t<ul>\n<li>Monday to Friday: 9:00 a.m. \u2013 1:00 p.m. and 4:00 p.m. \u2013 9:00 p.m.<\/li>\n<li>Saturday and Sunday: closed.<\/li>\n<\/ul>\t\t\t\t\t\t\t\t<\/div>\n\t\t\t\t<\/div>\n\t\t\t\t<\/div>\n\t\t\t\t<\/div>\n\t\t\t\t\t<\/div>\n\t\t\t\t<\/div>\n\t\t\t\t<\/div>","protected":false},"excerpt":{"rendered":"<p>Servicios de Educaci\u00f3n canina en Pontevedra Educaci\u00f3n personalizada a domicilio Ofrecemos nuestros servicios de educaci\u00f3n y adiestramiento canino en Pontevedra y alrededores, adapt\u00e1ndonos a las necesidades de cada perro y su familia. Nuestros servicios Educaci\u00f3n avanzada: perfecciona la obediencia y el control. Modificaci\u00f3n de conductas: soluciona problemas de miedo, ansiedad o agresividad. Paseos: ense\u00f1amos a [&hellip;]<\/p>","protected":false},"author":1,"featured_media":0,"parent":0,"menu_order":0,"comment_status":"closed","ping_status":"closed","template":"","meta":{"_monsterinsights_skip_tracking":false,"_monsterinsights_sitenote_active":false,"_monsterinsights_sitenote_note":"","_monsterinsights_sitenote_category":0,"footnotes":""},"class_list":["post-14","page","type-page","status-publish","hentry"],"yoast_head":"<!-- This site is optimized with the Yoast SEO plugin v24.5 - https:\/\/yoast.com\/wordpress\/plugins\/seo\/ -->\n<title>Amanda Metcalf Herreros - Adiestramiento canino en Pontevedra<\/title>\n<meta name=\"description\" content=\"Amanda Metcalf Herreros - Adiestradora canina en Pontevedra. Adiestramiento canino. Educaci\u00f3n canina, modificaci\u00f3n de conductas\" \/>\n<meta name=\"robots\" content=\"index, follow, max-snippet:-1, max-image-preview:large, max-video-preview:-1\" \/>\n<link rel=\"canonical\" href=\"https:\/\/www.adiestradoracaninapontevedra.com\/en\/\" \/>\n<meta property=\"og:locale\" content=\"en_GB\" \/>\n<meta property=\"og:type\" content=\"article\" \/>\n<meta property=\"og:title\" content=\"Amanda Metcalf Herreros - Adiestramiento canino en Pontevedra\" \/>\n<meta property=\"og:description\" content=\"Amanda Metcalf Herreros - Adiestradora canina en Pontevedra. Adiestramiento canino. Educaci\u00f3n canina, modificaci\u00f3n de conductas\" \/>\n<meta property=\"og:url\" content=\"https:\/\/www.adiestradoracaninapontevedra.com\/en\/\" \/>\n<meta property=\"og:site_name\" content=\"Adiestradora canina Pontevedra\" \/>\n<meta property=\"article:modified_time\" content=\"2025-06-04T20:56:22+00:00\" \/>\n<meta property=\"og:image\" content=\"https:\/\/www.adiestradoracaninapontevedra.com\/wp-content\/uploads\/comunicacion.jpg\" \/>\n<meta name=\"twitter:card\" content=\"summary_large_image\" \/>\n<meta name=\"twitter:label1\" content=\"Estimated reading time\" \/>\n\t<meta name=\"twitter:data1\" content=\"2 minutes\" \/>\n<script type=\"application\/ld+json\" class=\"yoast-schema-graph\">{\"@context\":\"https:\/\/schema.org\",\"@graph\":[{\"@type\":\"WebPage\",\"@id\":\"https:\/\/www.adiestradoracaninapontevedra.com\/\",\"url\":\"https:\/\/www.adiestradoracaninapontevedra.com\/\",\"name\":\"Amanda Metcalf Herreros - Adiestramiento canino en Pontevedra\",\"isPartOf\":{\"@id\":\"https:\/\/www.adiestradoracaninapontevedra.com\/#website\"},\"primaryImageOfPage\":{\"@id\":\"https:\/\/www.adiestradoracaninapontevedra.com\/#primaryimage\"},\"image\":{\"@id\":\"https:\/\/www.adiestradoracaninapontevedra.com\/#primaryimage\"},\"thumbnailUrl\":\"https:\/\/www.adiestradoracaninapontevedra.com\/wp-content\/uploads\/comunicacion.jpg\",\"datePublished\":\"2025-01-10T00:34:49+00:00\",\"dateModified\":\"2025-06-04T20:56:22+00:00\",\"description\":\"Amanda Metcalf Herreros - Adiestradora canina en Pontevedra. Adiestramiento canino. Educaci\u00f3n canina, modificaci\u00f3n de conductas\",\"breadcrumb\":{\"@id\":\"https:\/\/www.adiestradoracaninapontevedra.com\/#breadcrumb\"},\"inLanguage\":\"en-GB\",\"potentialAction\":[{\"@type\":\"ReadAction\",\"target\":[\"https:\/\/www.adiestradoracaninapontevedra.com\/\"]}]},{\"@type\":\"ImageObject\",\"inLanguage\":\"en-GB\",\"@id\":\"https:\/\/www.adiestradoracaninapontevedra.com\/#primaryimage\",\"url\":\"https:\/\/www.adiestradoracaninapontevedra.com\/wp-content\/uploads\/comunicacion.jpg\",\"contentUrl\":\"https:\/\/www.adiestradoracaninapontevedra.com\/wp-content\/uploads\/comunicacion.jpg\"},{\"@type\":\"BreadcrumbList\",\"@id\":\"https:\/\/www.adiestradoracaninapontevedra.com\/#breadcrumb\",\"itemListElement\":[{\"@type\":\"ListItem\",\"position\":1,\"name\":\"Portada\",\"item\":\"https:\/\/www.adiestradoracaninapontevedra.com\/\"},{\"@type\":\"ListItem\",\"position\":2,\"name\":\"Servicios de adiestramiento canino en Pontevedra\"}]},{\"@type\":\"WebSite\",\"@id\":\"https:\/\/www.adiestradoracaninapontevedra.com\/#website\",\"url\":\"https:\/\/www.adiestradoracaninapontevedra.com\/\",\"name\":\"Adiestradora canina Pontevedra\",\"description\":\"\",\"publisher\":{\"@id\":\"https:\/\/www.adiestradoracaninapontevedra.com\/#organization\"},\"potentialAction\":[{\"@type\":\"SearchAction\",\"target\":{\"@type\":\"EntryPoint\",\"urlTemplate\":\"https:\/\/www.adiestradoracaninapontevedra.com\/?s={search_term_string}\"},\"query-input\":{\"@type\":\"PropertyValueSpecification\",\"valueRequired\":true,\"valueName\":\"search_term_string\"}}],\"inLanguage\":\"en-GB\"},{\"@type\":\"Organization\",\"@id\":\"https:\/\/www.adiestradoracaninapontevedra.com\/#organization\",\"name\":\"Adiestradora canina Pontevedra\",\"url\":\"https:\/\/www.adiestradoracaninapontevedra.com\/\",\"logo\":{\"@type\":\"ImageObject\",\"inLanguage\":\"en-GB\",\"@id\":\"https:\/\/www.adiestradoracaninapontevedra.com\/#\/schema\/logo\/image\/\",\"url\":\"https:\/\/www.adiestradoracaninapontevedra.com\/wp-content\/uploads\/logo-adiestradora.jpg\",\"contentUrl\":\"https:\/\/www.adiestradoracaninapontevedra.com\/wp-content\/uploads\/logo-adiestradora.jpg\",\"width\":810,\"height\":784,\"caption\":\"Adiestradora canina Pontevedra\"},\"image\":{\"@id\":\"https:\/\/www.adiestradoracaninapontevedra.com\/#\/schema\/logo\/image\/\"}}]}<\/script>\n<!-- \/ Yoast SEO plugin. -->","yoast_head_json":{"title":"Amanda Metcalf Herreros - Adiestramiento canino en Pontevedra","description":"Amanda Metcalf Herreros - Adiestradora canina en Pontevedra. Adiestramiento canino. Educaci\u00f3n canina, modificaci\u00f3n de conductas","robots":{"index":"index","follow":"follow","max-snippet":"max-snippet:-1","max-image-preview":"max-image-preview:large","max-video-preview":"max-video-preview:-1"},"canonical":"https:\/\/www.adiestradoracaninapontevedra.com\/en\/","og_locale":"en_GB","og_type":"article","og_title":"Amanda Metcalf Herreros - Adiestramiento canino en Pontevedra","og_description":"Amanda Metcalf Herreros - Adiestradora canina en Pontevedra. Adiestramiento canino. Educaci\u00f3n canina, modificaci\u00f3n de conductas","og_url":"https:\/\/www.adiestradoracaninapontevedra.com\/en\/","og_site_name":"Adiestradora canina Pontevedra","article_modified_time":"2025-06-04T20:56:22+00:00","og_image":[{"url":"https:\/\/www.adiestradoracaninapontevedra.com\/wp-content\/uploads\/comunicacion.jpg","type":"","width":"","height":""}],"twitter_card":"summary_large_image","twitter_misc":{"Estimated reading time":"2 minutes"},"schema":{"@context":"https:\/\/schema.org","@graph":[{"@type":"WebPage","@id":"https:\/\/www.adiestradoracaninapontevedra.com\/","url":"https:\/\/www.adiestradoracaninapontevedra.com\/","name":"Amanda Metcalf Herreros - Adiestramiento canino en Pontevedra","isPartOf":{"@id":"https:\/\/www.adiestradoracaninapontevedra.com\/#website"},"primaryImageOfPage":{"@id":"https:\/\/www.adiestradoracaninapontevedra.com\/#primaryimage"},"image":{"@id":"https:\/\/www.adiestradoracaninapontevedra.com\/#primaryimage"},"thumbnailUrl":"https:\/\/www.adiestradoracaninapontevedra.com\/wp-content\/uploads\/comunicacion.jpg","datePublished":"2025-01-10T00:34:49+00:00","dateModified":"2025-06-04T20:56:22+00:00","description":"Amanda Metcalf Herreros - Adiestradora canina en Pontevedra. Adiestramiento canino. Educaci\u00f3n canina, modificaci\u00f3n de conductas","breadcrumb":{"@id":"https:\/\/www.adiestradoracaninapontevedra.com\/#breadcrumb"},"inLanguage":"en-GB","potentialAction":[{"@type":"ReadAction","target":["https:\/\/www.adiestradoracaninapontevedra.com\/"]}]},{"@type":"ImageObject","inLanguage":"en-GB","@id":"https:\/\/www.adiestradoracaninapontevedra.com\/#primaryimage","url":"https:\/\/www.adiestradoracaninapontevedra.com\/wp-content\/uploads\/comunicacion.jpg","contentUrl":"https:\/\/www.adiestradoracaninapontevedra.com\/wp-content\/uploads\/comunicacion.jpg"},{"@type":"BreadcrumbList","@id":"https:\/\/www.adiestradoracaninapontevedra.com\/#breadcrumb","itemListElement":[{"@type":"ListItem","position":1,"name":"Portada","item":"https:\/\/www.adiestradoracaninapontevedra.com\/"},{"@type":"ListItem","position":2,"name":"Servicios de adiestramiento canino en Pontevedra"}]},{"@type":"WebSite","@id":"https:\/\/www.adiestradoracaninapontevedra.com\/#website","url":"https:\/\/www.adiestradoracaninapontevedra.com\/","name":"Adiestradora canina Pontevedra","description":"","publisher":{"@id":"https:\/\/www.adiestradoracaninapontevedra.com\/#organization"},"potentialAction":[{"@type":"SearchAction","target":{"@type":"EntryPoint","urlTemplate":"https:\/\/www.adiestradoracaninapontevedra.com\/?s={search_term_string}"},"query-input":{"@type":"PropertyValueSpecification","valueRequired":true,"valueName":"search_term_string"}}],"inLanguage":"en-GB"},{"@type":"Organization","@id":"https:\/\/www.adiestradoracaninapontevedra.com\/#organization","name":"Adiestradora canina Pontevedra","url":"https:\/\/www.adiestradoracaninapontevedra.com\/","logo":{"@type":"ImageObject","inLanguage":"en-GB","@id":"https:\/\/www.adiestradoracaninapontevedra.com\/#\/schema\/logo\/image\/","url":"https:\/\/www.adiestradoracaninapontevedra.com\/wp-content\/uploads\/logo-adiestradora.jpg","contentUrl":"https:\/\/www.adiestradoracaninapontevedra.com\/wp-content\/uploads\/logo-adiestradora.jpg","width":810,"height":784,"caption":"Adiestradora canina Pontevedra"},"image":{"@id":"https:\/\/www.adiestradoracaninapontevedra.com\/#\/schema\/logo\/image\/"}}]}},"_links":{"self":[{"href":"https:\/\/www.adiestradoracaninapontevedra.com\/en\/wp-json\/wp\/v2\/pages\/14","targetHints":{"allow":["GET"]}}],"collection":[{"href":"https:\/\/www.adiestradoracaninapontevedra.com\/en\/wp-json\/wp\/v2\/pages"}],"about":[{"href":"https:\/\/www.adiestradoracaninapontevedra.com\/en\/wp-json\/wp\/v2\/types\/page"}],"author":[{"embeddable":true,"href":"https:\/\/www.adiestradoracaninapontevedra.com\/en\/wp-json\/wp\/v2\/users\/1"}],"replies":[{"embeddable":true,"href":"https:\/\/www.adiestradoracaninapontevedra.com\/en\/wp-json\/wp\/v2\/comments?post=14"}],"version-history":[{"count":68,"href":"https:\/\/www.adiestradoracaninapontevedra.com\/en\/wp-json\/wp\/v2\/pages\/14\/revisions"}],"predecessor-version":[{"id":660,"href":"https:\/\/www.adiestradoracaninapontevedra.com\/en\/wp-json\/wp\/v2\/pages\/14\/revisions\/660"}],"wp:attachment":[{"href":"https:\/\/www.adiestradoracaninapontevedra.com\/en\/wp-json\/wp\/v2\/media?parent=14"}],"curies":[{"name":"wp","href":"https:\/\/api.w.org\/{rel}","templated":true}]}}