{"id":105,"date":"2025-01-23T22:27:34","date_gmt":"2025-01-23T21:27:34","guid":{"rendered":"https:\/\/www.adiestradoracaninapontevedra.com\/?page_id=105"},"modified":"2026-02-10T20:39:53","modified_gmt":"2026-02-10T19:39:53","slug":"educacion-para-cachorros","status":"publish","type":"page","link":"https:\/\/www.adiestradoracaninapontevedra.com\/en\/educacion-para-cachorros\/","title":{"rendered":"Puppy education"},"content":{"rendered":"<div data-elementor-type=\"wp-page\" data-elementor-id=\"105\" class=\"elementor elementor-105\" data-elementor-post-type=\"page\">\n\t\t\t\t<div class=\"elementor-element elementor-element-5a90e0b e-flex e-con-boxed e-con e-parent\" data-id=\"5a90e0b\" data-element_type=\"container\" data-settings=\"{&quot;background_background&quot;:&quot;classic&quot;}\">\n\t\t\t\t\t<div class=\"e-con-inner\">\n\t\t<div class=\"elementor-element elementor-element-ec73fbc e-flex e-con-boxed e-con e-child\" data-id=\"ec73fbc\" data-element_type=\"container\">\n\t\t\t\t\t<div class=\"e-con-inner\">\n\t\t\t\t<div class=\"elementor-element elementor-element-7c26a06 elementor-widget__width-initial elementor-widget elementor-widget-theme-site-logo elementor-widget-image\" data-id=\"7c26a06\" data-element_type=\"widget\" data-widget_type=\"theme-site-logo.default\">\n\t\t\t\t<div class=\"elementor-widget-container\">\n\t\t\t\t\t\t\t\t\t\t\t<a href=\"https:\/\/www.adiestradoracaninapontevedra.com\/en\">\n\t\t\t<img fetchpriority=\"high\" decoding=\"async\" width=\"810\" height=\"784\" src=\"https:\/\/www.adiestradoracaninapontevedra.com\/wp-content\/uploads\/logo-adiestradora.jpg\" class=\"attachment-full size-full wp-image-17\" alt=\"\" srcset=\"https:\/\/www.adiestradoracaninapontevedra.com\/wp-content\/uploads\/logo-adiestradora.jpg 810w, https:\/\/www.adiestradoracaninapontevedra.com\/wp-content\/uploads\/logo-adiestradora-300x290.jpg 300w, https:\/\/www.adiestradoracaninapontevedra.com\/wp-content\/uploads\/logo-adiestradora-768x743.jpg 768w\" sizes=\"(max-width: 810px) 100vw, 810px\" \/>\t\t\t\t<\/a>\n\t\t\t\t\t\t\t\t\t\t\t<\/div>\n\t\t\t\t<\/div>\n\t\t\t\t\t<\/div>\n\t\t\t\t<\/div>\n\t\t\t\t\t<\/div>\n\t\t\t\t<\/div>\n\t\t<div class=\"elementor-element elementor-element-304c014 e-flex e-con-boxed e-con e-parent\" data-id=\"304c014\" data-element_type=\"container\">\n\t\t\t\t\t<div class=\"e-con-inner\">\n\t\t<div class=\"elementor-element elementor-element-9bdffdf e-con-full e-flex e-con e-child\" data-id=\"9bdffdf\" data-element_type=\"container\" data-settings=\"{&quot;background_background&quot;:&quot;classic&quot;}\">\n\t\t\t\t<div class=\"elementor-element elementor-element-a66a0e1 elementor-widget elementor-widget-heading\" data-id=\"a66a0e1\" data-element_type=\"widget\" data-widget_type=\"heading.default\">\n\t\t\t\t<div class=\"elementor-widget-container\">\n\t\t\t\t\t<h2 class=\"elementor-heading-title elementor-size-default\">The arrival of a puppy to the home<\/h2>\t\t\t\t<\/div>\n\t\t\t\t<\/div>\n\t\t\t\t<div class=\"elementor-element elementor-element-3988e9a elementor-widget elementor-widget-text-editor\" data-id=\"3988e9a\" data-element_type=\"widget\" data-widget_type=\"text-editor.default\">\n\t\t\t\t<div class=\"elementor-widget-container\">\n\t\t\t\t\t\t\t\t\t<div class=\"page\" title=\"Page 2\"><div class=\"section\"><div class=\"layoutArea\"><div class=\"column\"><p>When a puppy arrives at its new home, it is essential to allow it <strong>explore freely<\/strong> their environment so they become familiar with it. During this stage of growth, dogs are true explorers and need to discover the world in their own way.<\/p><p>However, it is also essential <strong>set rules and limits from the beginning<\/strong> to ensure a harmonious coexistence. Puppies must learn that their actions have consequences, whether positive or negative. It is at this stage that they best accept correction, always in an environment of play and positive reinforcement.<\/p><\/div><\/div><\/div><\/div>\t\t\t\t\t\t\t\t<\/div>\n\t\t\t\t<\/div>\n\t\t\t\t<div class=\"elementor-element elementor-element-ace36b9 elementor-widget elementor-widget-heading\" data-id=\"ace36b9\" data-element_type=\"widget\" data-widget_type=\"heading.default\">\n\t\t\t\t<div class=\"elementor-widget-container\">\n\t\t\t\t\t<h2 class=\"elementor-heading-title elementor-size-default\">A training based on positive education<\/h2>\t\t\t\t<\/div>\n\t\t\t\t<\/div>\n\t\t\t\t<div class=\"elementor-element elementor-element-4211130 elementor-widget elementor-widget-text-editor\" data-id=\"4211130\" data-element_type=\"widget\" data-widget_type=\"text-editor.default\">\n\t\t\t\t<div class=\"elementor-widget-container\">\n\t\t\t\t\t\t\t\t\t<div class=\"page\" title=\"Page 2\"><div class=\"section\"><div class=\"layoutArea\"><div class=\"column\"><p>Puppy training should be a <strong>positive, playful and dynamic process<\/strong>, adapted to their curious and playful nature. The earlier we begin their education, the easier their learning will be and the better they will avoid <strong>behavioral problems in the future<\/strong>.<\/p><p>This doesn't mean that an adult dog can't learn, but starting as a puppy makes it easier to teach appropriate habits and prevents the development of unwanted behaviors.<\/p><\/div><\/div><\/div><\/div>\t\t\t\t\t\t\t\t<\/div>\n\t\t\t\t<\/div>\n\t\t\t\t<div class=\"elementor-element elementor-element-6c4998e elementor-widget elementor-widget-heading\" data-id=\"6c4998e\" data-element_type=\"widget\" data-widget_type=\"heading.default\">\n\t\t\t\t<div class=\"elementor-widget-container\">\n\t\t\t\t\t<h2 class=\"elementor-heading-title elementor-size-default\">A strong bond between dog and handler<\/h2>\t\t\t\t<\/div>\n\t\t\t\t<\/div>\n\t\t\t\t<div class=\"elementor-element elementor-element-757eb60 elementor-widget elementor-widget-text-editor\" data-id=\"757eb60\" data-element_type=\"widget\" data-widget_type=\"text-editor.default\">\n\t\t\t\t<div class=\"elementor-widget-container\">\n\t\t\t\t\t\t\t\t\t<div class=\"page\" title=\"Page 2\"><div class=\"section\"><div class=\"layoutArea\"><div class=\"column\"><p>Our work methodology is based on strengthening the <strong>guide dog pairing<\/strong>, ensuring that the owner actively participates in their puppy's training. Through appropriate tools and techniques, we help owners become their dogs' best trainers.<\/p><p>In addition, throughout the entire process you will have the support of <strong>professional dog trainers<\/strong>, so you never feel alone in your puppy's education.<\/p><\/div><\/div><\/div><\/div>\t\t\t\t\t\t\t\t<\/div>\n\t\t\t\t<\/div>\n\t\t\t\t<div class=\"elementor-element elementor-element-7cb939f elementor-widget elementor-widget-heading\" data-id=\"7cb939f\" data-element_type=\"widget\" data-widget_type=\"heading.default\">\n\t\t\t\t<div class=\"elementor-widget-container\">\n\t\t\t\t\t<h2 class=\"elementor-heading-title elementor-size-default\">What is worked on in puppy training?<\/h2>\t\t\t\t<\/div>\n\t\t\t\t<\/div>\n\t\t\t\t<div class=\"elementor-element elementor-element-d7ed567 elementor-icon-list--layout-traditional elementor-list-item-link-full_width elementor-widget elementor-widget-icon-list\" data-id=\"d7ed567\" data-element_type=\"widget\" data-widget_type=\"icon-list.default\">\n\t\t\t\t<div class=\"elementor-widget-container\">\n\t\t\t\t\t\t\t<ul class=\"elementor-icon-list-items\">\n\t\t\t\t\t\t\t<li class=\"elementor-icon-list-item\">\n\t\t\t\t\t\t\t\t\t\t\t<span class=\"elementor-icon-list-icon\">\n\t\t\t\t\t\t\t<svg aria-hidden=\"true\" class=\"e-font-icon-svg e-fas-paw\" viewbox=\"0 0 512 512\" xmlns=\"http:\/\/www.w3.org\/2000\/svg\"><path d=\"M256 224c-79.41 0-192 122.76-192 200.25 0 34.9 26.81 55.75 71.74 55.75 48.84 0 81.09-25.08 120.26-25.08 39.51 0 71.85 25.08 120.26 25.08 44.93 0 71.74-20.85 71.74-55.75C448 346.76 335.41 224 256 224zm-147.28-12.61c-10.4-34.65-42.44-57.09-71.56-50.13-29.12 6.96-44.29 40.69-33.89 75.34 10.4 34.65 42.44 57.09 71.56 50.13 29.12-6.96 44.29-40.69 33.89-75.34zm84.72-20.78c30.94-8.14 46.42-49.94 34.58-93.36s-46.52-72.01-77.46-63.87-46.42 49.94-34.58 93.36c11.84 43.42 46.53 72.02 77.46 63.87zm281.39-29.34c-29.12-6.96-61.15 15.48-71.56 50.13-10.4 34.65 4.77 68.38 33.89 75.34 29.12 6.96 61.15-15.48 71.56-50.13 10.4-34.65-4.77-68.38-33.89-75.34zm-156.27 29.34c30.94 8.14 65.62-20.45 77.46-63.87 11.84-43.42-3.64-85.21-34.58-93.36s-65.62 20.45-77.46 63.87c-11.84 43.42 3.64 85.22 34.58 93.36z\"><\/path><\/svg>\t\t\t\t\t\t<\/span>\n\t\t\t\t\t\t\t\t\t\t<span class=\"elementor-icon-list-text\"><b>Socialization<\/b> with other dogs and people.<\/span>\n\t\t\t\t\t\t\t\t\t<\/li>\n\t\t\t\t\t\t\t\t<li class=\"elementor-icon-list-item\">\n\t\t\t\t\t\t\t\t\t\t\t<span class=\"elementor-icon-list-icon\">\n\t\t\t\t\t\t\t<svg aria-hidden=\"true\" class=\"e-font-icon-svg e-fas-paw\" viewbox=\"0 0 512 512\" xmlns=\"http:\/\/www.w3.org\/2000\/svg\"><path d=\"M256 224c-79.41 0-192 122.76-192 200.25 0 34.9 26.81 55.75 71.74 55.75 48.84 0 81.09-25.08 120.26-25.08 39.51 0 71.85 25.08 120.26 25.08 44.93 0 71.74-20.85 71.74-55.75C448 346.76 335.41 224 256 224zm-147.28-12.61c-10.4-34.65-42.44-57.09-71.56-50.13-29.12 6.96-44.29 40.69-33.89 75.34 10.4 34.65 42.44 57.09 71.56 50.13 29.12-6.96 44.29-40.69 33.89-75.34zm84.72-20.78c30.94-8.14 46.42-49.94 34.58-93.36s-46.52-72.01-77.46-63.87-46.42 49.94-34.58 93.36c11.84 43.42 46.53 72.02 77.46 63.87zm281.39-29.34c-29.12-6.96-61.15 15.48-71.56 50.13-10.4 34.65 4.77 68.38 33.89 75.34 29.12 6.96 61.15-15.48 71.56-50.13 10.4-34.65-4.77-68.38-33.89-75.34zm-156.27 29.34c30.94 8.14 65.62-20.45 77.46-63.87 11.84-43.42-3.64-85.21-34.58-93.36s-65.62 20.45-77.46 63.87c-11.84 43.42 3.64 85.22 34.58 93.36z\"><\/path><\/svg>\t\t\t\t\t\t<\/span>\n\t\t\t\t\t\t\t\t\t\t<span class=\"elementor-icon-list-text\"><b>Game guidelines <\/b>suitable for their development.<\/span>\n\t\t\t\t\t\t\t\t\t<\/li>\n\t\t\t\t\t\t\t\t<li class=\"elementor-icon-list-item\">\n\t\t\t\t\t\t\t\t\t\t\t<span class=\"elementor-icon-list-icon\">\n\t\t\t\t\t\t\t<svg aria-hidden=\"true\" class=\"e-font-icon-svg e-fas-paw\" viewbox=\"0 0 512 512\" xmlns=\"http:\/\/www.w3.org\/2000\/svg\"><path d=\"M256 224c-79.41 0-192 122.76-192 200.25 0 34.9 26.81 55.75 71.74 55.75 48.84 0 81.09-25.08 120.26-25.08 39.51 0 71.85 25.08 120.26 25.08 44.93 0 71.74-20.85 71.74-55.75C448 346.76 335.41 224 256 224zm-147.28-12.61c-10.4-34.65-42.44-57.09-71.56-50.13-29.12 6.96-44.29 40.69-33.89 75.34 10.4 34.65 42.44 57.09 71.56 50.13 29.12-6.96 44.29-40.69 33.89-75.34zm84.72-20.78c30.94-8.14 46.42-49.94 34.58-93.36s-46.52-72.01-77.46-63.87-46.42 49.94-34.58 93.36c11.84 43.42 46.53 72.02 77.46 63.87zm281.39-29.34c-29.12-6.96-61.15 15.48-71.56 50.13-10.4 34.65 4.77 68.38 33.89 75.34 29.12 6.96 61.15-15.48 71.56-50.13 10.4-34.65-4.77-68.38-33.89-75.34zm-156.27 29.34c30.94 8.14 65.62-20.45 77.46-63.87 11.84-43.42-3.64-85.21-34.58-93.36s-65.62 20.45-77.46 63.87c-11.84 43.42 3.64 85.22 34.58 93.36z\"><\/path><\/svg>\t\t\t\t\t\t<\/span>\n\t\t\t\t\t\t\t\t\t\t<span class=\"elementor-icon-list-text\"><b>Beginning of basic education<\/b> with essential orders.<\/span>\n\t\t\t\t\t\t\t\t\t<\/li>\n\t\t\t\t\t\t\t\t<li class=\"elementor-icon-list-item\">\n\t\t\t\t\t\t\t\t\t\t\t<span class=\"elementor-icon-list-icon\">\n\t\t\t\t\t\t\t<svg aria-hidden=\"true\" class=\"e-font-icon-svg e-fas-paw\" viewbox=\"0 0 512 512\" xmlns=\"http:\/\/www.w3.org\/2000\/svg\"><path d=\"M256 224c-79.41 0-192 122.76-192 200.25 0 34.9 26.81 55.75 71.74 55.75 48.84 0 81.09-25.08 120.26-25.08 39.51 0 71.85 25.08 120.26 25.08 44.93 0 71.74-20.85 71.74-55.75C448 346.76 335.41 224 256 224zm-147.28-12.61c-10.4-34.65-42.44-57.09-71.56-50.13-29.12 6.96-44.29 40.69-33.89 75.34 10.4 34.65 42.44 57.09 71.56 50.13 29.12-6.96 44.29-40.69 33.89-75.34zm84.72-20.78c30.94-8.14 46.42-49.94 34.58-93.36s-46.52-72.01-77.46-63.87-46.42 49.94-34.58 93.36c11.84 43.42 46.53 72.02 77.46 63.87zm281.39-29.34c-29.12-6.96-61.15 15.48-71.56 50.13-10.4 34.65 4.77 68.38 33.89 75.34 29.12 6.96 61.15-15.48 71.56-50.13 10.4-34.65-4.77-68.38-33.89-75.34zm-156.27 29.34c30.94 8.14 65.62-20.45 77.46-63.87 11.84-43.42-3.64-85.21-34.58-93.36s-65.62 20.45-77.46 63.87c-11.84 43.42 3.64 85.22 34.58 93.36z\"><\/path><\/svg>\t\t\t\t\t\t<\/span>\n\t\t\t\t\t\t\t\t\t\t<span class=\"elementor-icon-list-text\"><b>Mental stimulation<\/b> to enhance their learning.<\/span>\n\t\t\t\t\t\t\t\t\t<\/li>\n\t\t\t\t\t\t\t\t<li class=\"elementor-icon-list-item\">\n\t\t\t\t\t\t\t\t\t\t\t<span class=\"elementor-icon-list-icon\">\n\t\t\t\t\t\t\t<svg aria-hidden=\"true\" class=\"e-font-icon-svg e-fas-paw\" viewbox=\"0 0 512 512\" xmlns=\"http:\/\/www.w3.org\/2000\/svg\"><path d=\"M256 224c-79.41 0-192 122.76-192 200.25 0 34.9 26.81 55.75 71.74 55.75 48.84 0 81.09-25.08 120.26-25.08 39.51 0 71.85 25.08 120.26 25.08 44.93 0 71.74-20.85 71.74-55.75C448 346.76 335.41 224 256 224zm-147.28-12.61c-10.4-34.65-42.44-57.09-71.56-50.13-29.12 6.96-44.29 40.69-33.89 75.34 10.4 34.65 42.44 57.09 71.56 50.13 29.12-6.96 44.29-40.69 33.89-75.34zm84.72-20.78c30.94-8.14 46.42-49.94 34.58-93.36s-46.52-72.01-77.46-63.87-46.42 49.94-34.58 93.36c11.84 43.42 46.53 72.02 77.46 63.87zm281.39-29.34c-29.12-6.96-61.15 15.48-71.56 50.13-10.4 34.65 4.77 68.38 33.89 75.34 29.12 6.96 61.15-15.48 71.56-50.13 10.4-34.65-4.77-68.38-33.89-75.34zm-156.27 29.34c30.94 8.14 65.62-20.45 77.46-63.87 11.84-43.42-3.64-85.21-34.58-93.36s-65.62 20.45-77.46 63.87c-11.84 43.42 3.64 85.22 34.58 93.36z\"><\/path><\/svg>\t\t\t\t\t\t<\/span>\n\t\t\t\t\t\t\t\t\t\t<span class=\"elementor-icon-list-text\"><b>Rules of coexistence<\/b> to prevent future behavioral problems.<\/span>\n\t\t\t\t\t\t\t\t\t<\/li>\n\t\t\t\t\t\t<\/ul>\n\t\t\t\t\t\t<\/div>\n\t\t\t\t<\/div>\n\t\t\t\t<div class=\"elementor-element elementor-element-4315f9d elementor-widget elementor-widget-heading\" data-id=\"4315f9d\" data-element_type=\"widget\" data-widget_type=\"heading.default\">\n\t\t\t\t<div class=\"elementor-widget-container\">\n\t\t\t\t\t<h3 class=\"elementor-heading-title elementor-size-default\">Want to get started with your puppy's training? Contact us and find out how we can help you.<\/h3>\t\t\t\t<\/div>\n\t\t\t\t<\/div>\n\t\t\t\t<div class=\"elementor-element elementor-element-f7ba70e elementor-widget__width-initial elementor-align-center elementor-widget elementor-widget-button\" data-id=\"f7ba70e\" data-element_type=\"widget\" data-widget_type=\"button.default\">\n\t\t\t\t<div class=\"elementor-widget-container\">\n\t\t\t\t\t\t\t\t\t<div class=\"elementor-button-wrapper\">\n\t\t\t\t\t<a class=\"elementor-button elementor-button-link elementor-size-sm\" href=\"https:\/\/www.adiestradoracaninapontevedra.com\/en\/contacto\/\">\n\t\t\t\t\t\t<span class=\"elementor-button-content-wrapper\">\n\t\t\t\t\t\t\t\t\t<span class=\"elementor-button-text\">Contact Us<\/span>\n\t\t\t\t\t<\/span>\n\t\t\t\t\t<\/a>\n\t\t\t\t<\/div>\n\t\t\t\t\t\t\t\t<\/div>\n\t\t\t\t<\/div>\n\t\t\t\t<\/div>\n\t\t\t\t\t<\/div>\n\t\t\t\t<\/div>\n\t\t\t\t<\/div>","protected":false},"excerpt":{"rendered":"<p>La llegada de un cachorro al hogar Cuando un cachorro llega a su nuevo hogar, es fundamental permitirle explorar libremente su entorno para que se familiarice con \u00e9l. Durante esta etapa de crecimiento, los perros son aut\u00e9nticos exploradores y necesitan descubrir el mundo a su manera. Sin embargo, tambi\u00e9n es esencial establecer normas y l\u00edmites [&hellip;]<\/p>","protected":false},"author":1,"featured_media":0,"parent":0,"menu_order":0,"comment_status":"closed","ping_status":"closed","template":"","meta":{"_monsterinsights_skip_tracking":false,"_monsterinsights_sitenote_active":false,"_monsterinsights_sitenote_note":"","_monsterinsights_sitenote_category":0,"footnotes":""},"class_list":["post-105","page","type-page","status-publish","hentry"],"yoast_head":"<!-- This site is optimized with the Yoast SEO plugin v24.5 - https:\/\/yoast.com\/wordpress\/plugins\/seo\/ -->\n<title>Educaci\u00f3n para cachorros - Adiestradora canina Pontevedra<\/title>\n<meta name=\"description\" content=\"Educaci\u00f3n para cachorros en Pontevedra con m\u00e9todos positivos. Socializaci\u00f3n, \u00f3rdenes b\u00e1sicas y buena convivencia desde el inicio\" \/>\n<meta name=\"robots\" content=\"index, follow, max-snippet:-1, max-image-preview:large, max-video-preview:-1\" \/>\n<link rel=\"canonical\" href=\"https:\/\/www.adiestradoracaninapontevedra.com\/en\/educacion-para-cachorros\/\" \/>\n<meta property=\"og:locale\" content=\"en_GB\" \/>\n<meta property=\"og:type\" content=\"article\" \/>\n<meta property=\"og:title\" content=\"Educaci\u00f3n para cachorros - Adiestradora canina Pontevedra\" \/>\n<meta property=\"og:description\" content=\"Educaci\u00f3n para cachorros en Pontevedra con m\u00e9todos positivos. Socializaci\u00f3n, \u00f3rdenes b\u00e1sicas y buena convivencia desde el inicio\" \/>\n<meta property=\"og:url\" content=\"https:\/\/www.adiestradoracaninapontevedra.com\/en\/educacion-para-cachorros\/\" \/>\n<meta property=\"og:site_name\" content=\"Adiestradora canina Pontevedra\" \/>\n<meta property=\"article:modified_time\" content=\"2026-02-10T19:39:53+00:00\" \/>\n<meta name=\"twitter:card\" content=\"summary_large_image\" \/>\n<meta name=\"twitter:label1\" content=\"Estimated reading time\" \/>\n\t<meta name=\"twitter:data1\" content=\"2 minutes\" \/>\n<script type=\"application\/ld+json\" class=\"yoast-schema-graph\">{\"@context\":\"https:\/\/schema.org\",\"@graph\":[{\"@type\":\"WebPage\",\"@id\":\"https:\/\/www.adiestradoracaninapontevedra.com\/educacion-para-cachorros\/\",\"url\":\"https:\/\/www.adiestradoracaninapontevedra.com\/educacion-para-cachorros\/\",\"name\":\"Educaci\u00f3n para cachorros - Adiestradora canina Pontevedra\",\"isPartOf\":{\"@id\":\"https:\/\/www.adiestradoracaninapontevedra.com\/#website\"},\"datePublished\":\"2025-01-23T21:27:34+00:00\",\"dateModified\":\"2026-02-10T19:39:53+00:00\",\"description\":\"Educaci\u00f3n para cachorros en Pontevedra con m\u00e9todos positivos. Socializaci\u00f3n, \u00f3rdenes b\u00e1sicas y buena convivencia desde el inicio\",\"breadcrumb\":{\"@id\":\"https:\/\/www.adiestradoracaninapontevedra.com\/educacion-para-cachorros\/#breadcrumb\"},\"inLanguage\":\"en-GB\",\"potentialAction\":[{\"@type\":\"ReadAction\",\"target\":[\"https:\/\/www.adiestradoracaninapontevedra.com\/educacion-para-cachorros\/\"]}]},{\"@type\":\"BreadcrumbList\",\"@id\":\"https:\/\/www.adiestradoracaninapontevedra.com\/educacion-para-cachorros\/#breadcrumb\",\"itemListElement\":[{\"@type\":\"ListItem\",\"position\":1,\"name\":\"Portada\",\"item\":\"https:\/\/www.adiestradoracaninapontevedra.com\/\"},{\"@type\":\"ListItem\",\"position\":2,\"name\":\"Educaci\u00f3n para cachorros\"}]},{\"@type\":\"WebSite\",\"@id\":\"https:\/\/www.adiestradoracaninapontevedra.com\/#website\",\"url\":\"https:\/\/www.adiestradoracaninapontevedra.com\/\",\"name\":\"Adiestradora canina Pontevedra\",\"description\":\"\",\"publisher\":{\"@id\":\"https:\/\/www.adiestradoracaninapontevedra.com\/#organization\"},\"potentialAction\":[{\"@type\":\"SearchAction\",\"target\":{\"@type\":\"EntryPoint\",\"urlTemplate\":\"https:\/\/www.adiestradoracaninapontevedra.com\/?s={search_term_string}\"},\"query-input\":{\"@type\":\"PropertyValueSpecification\",\"valueRequired\":true,\"valueName\":\"search_term_string\"}}],\"inLanguage\":\"en-GB\"},{\"@type\":\"Organization\",\"@id\":\"https:\/\/www.adiestradoracaninapontevedra.com\/#organization\",\"name\":\"Adiestradora canina Pontevedra\",\"url\":\"https:\/\/www.adiestradoracaninapontevedra.com\/\",\"logo\":{\"@type\":\"ImageObject\",\"inLanguage\":\"en-GB\",\"@id\":\"https:\/\/www.adiestradoracaninapontevedra.com\/#\/schema\/logo\/image\/\",\"url\":\"https:\/\/www.adiestradoracaninapontevedra.com\/wp-content\/uploads\/logo-adiestradora.jpg\",\"contentUrl\":\"https:\/\/www.adiestradoracaninapontevedra.com\/wp-content\/uploads\/logo-adiestradora.jpg\",\"width\":810,\"height\":784,\"caption\":\"Adiestradora canina Pontevedra\"},\"image\":{\"@id\":\"https:\/\/www.adiestradoracaninapontevedra.com\/#\/schema\/logo\/image\/\"}}]}<\/script>\n<!-- \/ Yoast SEO plugin. -->","yoast_head_json":{"title":"Educaci\u00f3n para cachorros - Adiestradora canina Pontevedra","description":"Educaci\u00f3n para cachorros en Pontevedra con m\u00e9todos positivos. Socializaci\u00f3n, \u00f3rdenes b\u00e1sicas y buena convivencia desde el inicio","robots":{"index":"index","follow":"follow","max-snippet":"max-snippet:-1","max-image-preview":"max-image-preview:large","max-video-preview":"max-video-preview:-1"},"canonical":"https:\/\/www.adiestradoracaninapontevedra.com\/en\/educacion-para-cachorros\/","og_locale":"en_GB","og_type":"article","og_title":"Educaci\u00f3n para cachorros - Adiestradora canina Pontevedra","og_description":"Educaci\u00f3n para cachorros en Pontevedra con m\u00e9todos positivos. Socializaci\u00f3n, \u00f3rdenes b\u00e1sicas y buena convivencia desde el inicio","og_url":"https:\/\/www.adiestradoracaninapontevedra.com\/en\/educacion-para-cachorros\/","og_site_name":"Adiestradora canina Pontevedra","article_modified_time":"2026-02-10T19:39:53+00:00","twitter_card":"summary_large_image","twitter_misc":{"Estimated reading time":"2 minutes"},"schema":{"@context":"https:\/\/schema.org","@graph":[{"@type":"WebPage","@id":"https:\/\/www.adiestradoracaninapontevedra.com\/educacion-para-cachorros\/","url":"https:\/\/www.adiestradoracaninapontevedra.com\/educacion-para-cachorros\/","name":"Educaci\u00f3n para cachorros - Adiestradora canina Pontevedra","isPartOf":{"@id":"https:\/\/www.adiestradoracaninapontevedra.com\/#website"},"datePublished":"2025-01-23T21:27:34+00:00","dateModified":"2026-02-10T19:39:53+00:00","description":"Educaci\u00f3n para cachorros en Pontevedra con m\u00e9todos positivos. Socializaci\u00f3n, \u00f3rdenes b\u00e1sicas y buena convivencia desde el inicio","breadcrumb":{"@id":"https:\/\/www.adiestradoracaninapontevedra.com\/educacion-para-cachorros\/#breadcrumb"},"inLanguage":"en-GB","potentialAction":[{"@type":"ReadAction","target":["https:\/\/www.adiestradoracaninapontevedra.com\/educacion-para-cachorros\/"]}]},{"@type":"BreadcrumbList","@id":"https:\/\/www.adiestradoracaninapontevedra.com\/educacion-para-cachorros\/#breadcrumb","itemListElement":[{"@type":"ListItem","position":1,"name":"Portada","item":"https:\/\/www.adiestradoracaninapontevedra.com\/"},{"@type":"ListItem","position":2,"name":"Educaci\u00f3n para cachorros"}]},{"@type":"WebSite","@id":"https:\/\/www.adiestradoracaninapontevedra.com\/#website","url":"https:\/\/www.adiestradoracaninapontevedra.com\/","name":"Adiestradora canina Pontevedra","description":"","publisher":{"@id":"https:\/\/www.adiestradoracaninapontevedra.com\/#organization"},"potentialAction":[{"@type":"SearchAction","target":{"@type":"EntryPoint","urlTemplate":"https:\/\/www.adiestradoracaninapontevedra.com\/?s={search_term_string}"},"query-input":{"@type":"PropertyValueSpecification","valueRequired":true,"valueName":"search_term_string"}}],"inLanguage":"en-GB"},{"@type":"Organization","@id":"https:\/\/www.adiestradoracaninapontevedra.com\/#organization","name":"Adiestradora canina Pontevedra","url":"https:\/\/www.adiestradoracaninapontevedra.com\/","logo":{"@type":"ImageObject","inLanguage":"en-GB","@id":"https:\/\/www.adiestradoracaninapontevedra.com\/#\/schema\/logo\/image\/","url":"https:\/\/www.adiestradoracaninapontevedra.com\/wp-content\/uploads\/logo-adiestradora.jpg","contentUrl":"https:\/\/www.adiestradoracaninapontevedra.com\/wp-content\/uploads\/logo-adiestradora.jpg","width":810,"height":784,"caption":"Adiestradora canina Pontevedra"},"image":{"@id":"https:\/\/www.adiestradoracaninapontevedra.com\/#\/schema\/logo\/image\/"}}]}},"_links":{"self":[{"href":"https:\/\/www.adiestradoracaninapontevedra.com\/en\/wp-json\/wp\/v2\/pages\/105","targetHints":{"allow":["GET"]}}],"collection":[{"href":"https:\/\/www.adiestradoracaninapontevedra.com\/en\/wp-json\/wp\/v2\/pages"}],"about":[{"href":"https:\/\/www.adiestradoracaninapontevedra.com\/en\/wp-json\/wp\/v2\/types\/page"}],"author":[{"embeddable":true,"href":"https:\/\/www.adiestradoracaninapontevedra.com\/en\/wp-json\/wp\/v2\/users\/1"}],"replies":[{"embeddable":true,"href":"https:\/\/www.adiestradoracaninapontevedra.com\/en\/wp-json\/wp\/v2\/comments?post=105"}],"version-history":[{"count":55,"href":"https:\/\/www.adiestradoracaninapontevedra.com\/en\/wp-json\/wp\/v2\/pages\/105\/revisions"}],"predecessor-version":[{"id":487,"href":"https:\/\/www.adiestradoracaninapontevedra.com\/en\/wp-json\/wp\/v2\/pages\/105\/revisions\/487"}],"wp:attachment":[{"href":"https:\/\/www.adiestradoracaninapontevedra.com\/en\/wp-json\/wp\/v2\/media?parent=105"}],"curies":[{"name":"wp","href":"https:\/\/api.w.org\/{rel}","templated":true}]}}